{"id":1266,"date":"2025-04-07T11:19:18","date_gmt":"2025-04-07T11:19:18","guid":{"rendered":"https:\/\/angel-ani.com\/?page_id=1266"},"modified":"2025-04-07T11:21:12","modified_gmt":"2025-04-07T11:21:12","slug":"adatvedelem","status":"publish","type":"page","link":"https:\/\/angel-ani.com\/en\/adatvedelem\/","title":{"rendered":"Adatv\u00e9delem"},"content":{"rendered":"<div data-elementor-type=\"wp-page\" data-elementor-id=\"1266\" class=\"elementor elementor-1266\" data-elementor-post-type=\"page\">\n\t\t\t\t<div class=\"elementor-element elementor-element-f9c6b99 e-flex e-con-boxed e-con e-parent\" data-id=\"f9c6b99\" data-element_type=\"container\">\n\t\t\t\t\t<div class=\"e-con-inner\">\n\t\t\t\t<div class=\"elementor-element elementor-element-fa350a3 elementor-widget elementor-widget-heading\" data-id=\"fa350a3\" data-element_type=\"widget\" data-widget_type=\"heading.default\">\n\t\t\t\t<div class=\"elementor-widget-container\">\n\t\t\t\t\t<h2 class=\"elementor-heading-title elementor-size-default\">Adatv\u00e9delem<\/h2>\t\t\t\t<\/div>\n\t\t\t\t<\/div>\n\t\t\t\t\t<\/div>\n\t\t\t\t<\/div>\n\t\t<div class=\"elementor-element elementor-element-7fe58f3 e-flex e-con-boxed e-con e-parent\" data-id=\"7fe58f3\" data-element_type=\"container\">\n\t\t\t\t\t<div class=\"e-con-inner\">\n\t\t\t\t<div class=\"elementor-element elementor-element-ff65a12 elementor-widget elementor-widget-text-editor\" data-id=\"ff65a12\" data-element_type=\"widget\" data-widget_type=\"text-editor.default\">\n\t\t\t\t<div class=\"elementor-widget-container\">\n\t\t\t\t\t\t\t\t\t<p><strong>Adatv\u00e9delmi Nyilatkozat<\/strong><\/p><p><strong>Hat\u00e1lyos: 2025.01.27-t\u0151l megv\u00e1ltoztat\u00e1sig<\/strong><\/p><p><strong>Az angel-ani.com, (&#8222;c\u00e9g&#8221;, &#8222;mi&#8221; vagy \u201cminket\u201d) k\u00f6telezett a szem\u00e9lyes adatok v\u00e9delm\u00e9re, \u00e9s az \u00d6n szem\u00e9lyes adatainak bizalmas kezel\u00e9s\u00e9re. Ez az Adatv\u00e9delmi Nyilatkozat \u00e1ttekint\u00e9st ny\u00fajt arr\u00f3l, hogy mik\u00e9nt gy\u0171jtj\u00fck, haszn\u00e1ljuk, osztjuk meg \u00e9s t\u00e1roljuk az \u00d6n adatait az online vide\u00f3s tanfolyamok \u00e9rt\u00e9kes\u00edt\u00e9s\u00e9hez kapcsol\u00f3d\u00f3 szolg\u00e1ltat\u00e1saink sor\u00e1n.<\/strong><\/p><ol><li><strong> Szolg\u00e1ltat\u00f3 adatai:<\/strong><\/li><\/ol><p>N\u00e9v: Beyond the heart Kft.<br \/>Sz\u00e9khely: 7700 Moh\u00e1cs, Mak\u00f3i utca 10.<br \/>Email: info@angel-ani.com<br \/>Ad\u00f3sz\u00e1m: HU32741751<\/p><p><strong>1.2. Adatkezel\u0151 Adatai<\/strong><\/p><p>N\u00e9v: Beyond the heart Kft.<br \/>Sz\u00e9khely: 7700 Moh\u00e1cs, Mak\u00f3i utca 10.<br \/>Email: info@angel-ani.com<br \/>Ad\u00f3sz\u00e1m: HU32741751<\/p><p>\u00a0<\/p><p><strong>1.3 T\u00e1rhelyszolg\u00e1ltat\u00f3 adatai:<\/strong>\u00a0<\/p><p>N\u00e9v: OnlineVagyok Korl\u00e1tolt Felel\u0151ss\u00e9g\u0171 T\u00e1rsas\u00e1g<br \/>Sz\u00e9khely: 8500 P\u00e1pa, Husz\u00e1r lak\u00f3telep 31. B. \u00e9p. Fsz. 1. ajt\u00f3<br \/>Levelez\u00e9si c\u00edm: 8500 P\u00e1pa, Husz\u00e1r lak\u00f3telep 31. B. \u00e9p. Fsz. 1. ajt\u00f3<br \/>E-mail: hello@onlinevagyok.hu<br \/>Telefonsz\u00e1m: +36 20 934 6242<br \/>Weboldal: https:\/\/onlinevagyok.hu<\/p><p>K\u00f6sz\u00f6nj\u00fck, hogy ell\u00e1togatt\u00e1l webshopunkba. Az al\u00e1bbi adatv\u00e9delmi nyilatkozat ismerteti, hogyan gy\u0171jtj\u00fck, haszn\u00e1ljuk \u00e9s v\u00e9dj\u00fck a szem\u00e9lyes adataidat az al\u00e1bbi jogszab\u00e1lyoknak megfelel\u0151en:<\/p><ul><li><strong>Eur\u00f3pai Uni\u00f3:<\/strong> \u00c1ltal\u00e1nos Adatv\u00e9delmi Rendelet (GDPR) \u2013 (EU) 2016\/679<\/li><li><strong>USA:<\/strong> Federal Trade Commission Act (FTC Act) \u00e9s a Children\u2019s Online Privacy Protection Act (COPPA)<\/li><li><strong>Kalifornia:<\/strong> California Consumer Privacy Act (CCPA) \u00e9s California Privacy Rights Act (CPRA)<\/li><\/ul><p><strong>\u00a0<\/strong><\/p><p><strong>\u00a0<\/strong><\/p><ol start=\"2\"><li><strong> Gy\u0171jt\u00f6tt Adatok<\/strong><\/li><\/ol><p><strong>Az al\u00e1bbi szem\u00e9lyes adatokat kezelj\u00fck a szolg\u00e1ltat\u00e1saink biztos\u00edt\u00e1sa \u00e9rdek\u00e9ben:<\/strong><\/p><ol><li><strong>a) A v\u00e1s\u00e1rl\u00e1shoz sz\u00fcks\u00e9ges adatok<\/strong><\/li><\/ol><ul><li><strong>N\u00e9v (mag\u00e1nszem\u00e9ly) vagy c\u00e9gn\u00e9v<\/strong><\/li><li><strong>Ad\u00f3sz\u00e1m (c\u00e9gek eset\u00e9n)<\/strong><\/li><li><strong>Sz\u00e1ml\u00e1z\u00e1si c\u00edm<\/strong><\/li><li><strong>E-mail c\u00edm<\/strong><\/li><\/ul><ol><li><strong>b) Fizet\u00e9si inform\u00e1ci\u00f3k<\/strong><\/li><\/ol><ul><li><strong>Stripe \u00e9s PayPal \u00e1ltal kezelt adatokat nem t\u00e1rolunk, de ezek haszn\u00e1lata sor\u00e1n adatokat gy\u0171jthetnek.<\/strong><\/li><\/ul><ol><li><strong>c) Analitikai \u00e9s marketing adatok<\/strong><\/li><\/ol><ul><li><strong>IP-c\u00edm, eszk\u00f6zinform\u00e1ci\u00f3k, cookie-azonos\u00edt\u00f3k<\/strong><\/li><li><strong>Weboldalunkon tett l\u00e9p\u00e9sek, kattint\u00e1sok, \u00e9s preferenci\u00e1k<\/strong><\/li><\/ul><ol><li><strong>d) H\u00edrlev\u00e9lre t\u00f6rt\u00e9n\u0151 feliratkoz\u00e1s<\/strong><\/li><\/ol><ul><li><strong>Teljes n\u00e9v<\/strong><\/li><li><strong>E-mail c\u00edm<\/strong><\/li><\/ul><ol start=\"3\"><li><strong> Az Adatkezel\u00e9s C\u00e9lja \u00e9s Jogalapja<\/strong><\/li><\/ol><p><strong>Az \u00d6n adatainak kezel\u00e9se az al\u00e1bbi c\u00e9lokra \u00e9s jogalapokra t\u00e1maszkodik:<\/strong><\/p><ol><li><strong>a) Szolg\u00e1ltat\u00e1s biztos\u00edt\u00e1sa<\/strong><\/li><\/ol><ul><li><strong>Szem\u00e9lyes adatait a szolg\u00e1ltat\u00e1sok ny\u00fajt\u00e1s\u00e1hoz, v\u00e1s\u00e1rl\u00e1s feldolgoz\u00e1s\u00e1hoz \u00e9s sz\u00e1ml\u00e1z\u00e1shoz haszn\u00e1ljuk.<\/strong><\/li><li><strong>Jogalap: szerz\u0151d\u00e9s teljes\u00edt\u00e9se.<\/strong><\/li><\/ul><ol><li><strong>b) Jogszab\u00e1lyi k\u00f6telezetts\u00e9gek teljes\u00edt\u00e9se<\/strong><\/li><\/ol><ul><li><strong>Ad\u00f3z\u00e1si \u00e9s sz\u00e1mviteli el\u0151\u00edr\u00e1sok teljes\u00edt\u00e9se.<\/strong><\/li><li><strong>Jogalap: jogi k\u00f6telezetts\u00e9g.<\/strong><\/li><\/ul><ol><li><strong>c) Marketing<\/strong><\/li><\/ol><ul><li><strong>H\u00edrlevelek k\u00fcld\u00e9se \u00e9s c\u00e9lzott hirdet\u00e9sek.<\/strong><\/li><li><strong>Jogalap: hozz\u00e1j\u00e1rul\u00e1s.<\/strong><\/li><\/ul><ol><li><strong>d) Weboldal fejleszt\u00e9s<\/strong><\/li><\/ol><ul><li><strong>Weboldal haszn\u00e1lhat\u00f3s\u00e1g\u00e1nak jav\u00edt\u00e1sa.<\/strong><\/li><li><strong>Jogalap: jogos \u00e9rdek.<\/strong><\/li><\/ul><ol start=\"4\"><li><strong> Adatt\u00e1rol\u00e1s Id\u0151tartama<\/strong><\/li><\/ol><p><strong>Az \u00d6n szem\u00e9lyes adatait az al\u00e1bbiak szerint t\u00e1roljuk:<\/strong><\/p><ul><li><strong>V\u00e1s\u00e1rl\u00e1si adatok: a jogszab\u00e1lyi k\u00f6telezetts\u00e9gek teljes\u00edt\u00e9s\u00e9hez sz\u00fcks\u00e9ges ideig.<\/strong><\/li><li><strong>Marketing adatok: az \u00d6n hozz\u00e1j\u00e1rul\u00e1s\u00e1nak visszavon\u00e1s\u00e1ig.<\/strong><\/li><li><strong>Analitikai adatok: a cookie-kezdem\u00e9nyez\u00e9si be\u00e1ll\u00edt\u00e1sok szerint.<\/strong><\/li><\/ul><ol start=\"5\"><li><strong> Adatok Tov\u00e1bb\u00edt\u00e1sa Harmadik Felek Sz\u00e1m\u00e1ra<\/strong><\/li><\/ol><p><strong>Az \u00d6n adatai harmadik felek sz\u00e1m\u00e1ra az al\u00e1bbi c\u00e9lokra t\u00f6rt\u00e9n\u0151en ker\u00fclhetnek tov\u00e1bb\u00edt\u00e1sra:<\/strong><\/p><ul><li><strong>Fizet\u00e9si Szolg\u00e1ltat\u00f3k: Stripe, PayPal<\/strong><\/li><li><strong>Analitikai \u00e9s Hirdet\u00e9si Szolg\u00e1ltat\u00f3k: Google Analytics, Facebook Pixel<\/strong><\/li><li><strong>Sz\u00e1ml\u00e1z\u00e1s: Az el\u0151\u00edrt jogi k\u00f6telezetts\u00e9gek teljes\u00edt\u00e9s\u00e9re.<\/strong><\/li><\/ul><ol start=\"6\"><li><strong> Az \u00d6n Jogai<\/strong><\/li><\/ol><p><strong>Az \u00d6n jogai az \u00c1ltal\u00e1nos Adatv\u00e9delmi Szab\u00e1lyzat (GDPR), valamint az egyes \u00e9rintett orsz\u00e1gok jogszab\u00e1lyai alapj\u00e1n:<\/strong><\/p><ul><li><strong>Hozz\u00e1f\u00e9r\u00e9si jog: K\u00e9rheti az \u00d6nr\u0151l kezelt adatok m\u00e1solat\u00e1t.<\/strong><\/li><li><strong>Helyesb\u00edt\u00e9si jog: K\u00e9rheti az adatok pontos\u00edt\u00e1s\u00e1t.<\/strong><\/li><li><strong>T\u00f6rl\u00e9si jog: Bizonyos esetekben k\u00e9rheti az \u00d6n adatainak t\u00f6rl\u00e9s\u00e9t.<\/strong><\/li><li><strong>Adathordozhat\u00f3s\u00e1g: K\u00e9rheti, hogy az adatokat struktur\u00e1lt form\u00e1ban biztos\u00edtsuk \u00d6nnek vagy harmadik f\u00e9lnek.<\/strong><\/li><li><strong>Tiltakoz\u00e1si jog: Tiltakozhat az adatok jogos \u00e9rdek alapj\u00e1n t\u00f6rt\u00e9n\u0151 kezel\u00e9se ellen.<\/strong><\/li><\/ul><p><strong>Kalifornia (CCPA\/CPRA)<\/strong><\/p><ul><li><strong>Adatok elad\u00e1sa: Az AngelAni Kft. nem \u00e9rt\u00e9kes\u00edti az \u00d6n adatait harmadik feleknek.<\/strong><\/li><li><strong>Adatok megoszt\u00e1sa: K\u00e9rheti, hogy ne osszuk meg az adatait marketing c\u00e9lokra (opt-out).<\/strong><\/li><li><strong>Adatok t\u00f6rl\u00e9s\u00e9hez val\u00f3 jog: K\u00e9rheti az \u00d6nre vonatkoz\u00f3 adatok t\u00f6rl\u00e9s\u00e9t.<\/strong><\/li><li><strong>Panaszt tehet a Kaliforniai Fogyaszt\u00f3v\u00e9delmi \u00dcgyn\u00f6ks\u00e9gn\u00e9l.<\/strong><\/li><\/ul><p><strong>Ausztr\u00e1lia<\/strong><\/p><ul><li><strong>Panaszt tehet az Ausztr\u00e1l Adatv\u00e9delmi Hat\u00f3s\u00e1gn\u00e1l (OAIC).<\/strong><\/li><li><strong>A szem\u00e9lyes adatok tov\u00e1bb\u00edt\u00e1sa csak az adatv\u00e9delmi t\u00f6rv\u00e9nyekkel \u00f6sszhangban t\u00f6rt\u00e9nik.<\/strong><\/li><\/ul><ol start=\"7\"><li><strong> Cookie-k \u00e9s Nyomk\u00f6vet\u0151 Technol\u00f3gi\u00e1k<\/strong><\/li><\/ol><p><strong>Mi az a Cookie?<br \/>K\u00f6z\u00e9rthet\u0151en: A cookie egy nagyon kicsi sz\u00f6veges f\u00e1jl, amelyet az internetfelhaszn\u00e1l\u00f3 merevlemez\u00e9re helyeznek el.\u00a0Ezt egy weblapszerver \u00e1ll\u00edtja el\u0151, amely alapvet\u0151en a webhelyet \u00fczemeltet\u0151 sz\u00e1m\u00edt\u00f3g\u00e9p.\u00a0A cookie-ban l\u00e9v\u0151 inform\u00e1ci\u00f3kat a szerver \u00e1ll\u00edtja be, \u00e9s a szerver b\u00e1rmikor felhaszn\u00e1lhatja, amikor a felhaszn\u00e1l\u00f3 felkeresi az oldalt.\u00a0A cookie felfoghat\u00f3 az internetfelhaszn\u00e1l\u00f3 azonos\u00edt\u00f3 k\u00e1rty\u00e1j\u00e1nak, amely jelzi a webhelynek, amikor a felhaszn\u00e1l\u00f3 visszat\u00e9rt.<\/strong><\/p><p><strong>Szolg\u00e1ltat\u00f3 \u00e1ltal alkalmazott cookie-k t\u00edpusai:<\/strong><\/p><ol><li><strong>a) analitikai cookiek: az analitikai cookie-kat statisztikai elemz\u00e9si c\u00e9lokra haszn\u00e1ljuk. Ez seg\u00edt meg\u00e9rteni, hogy a l\u00e1togat\u00f3k hogyan haszn\u00e1lj\u00e1k \u00e9s mozognak a webhely\u00fcnk\u00f6n, ami a webhely\u00fcnk fejleszt\u00e9seir\u0151l \u00e9s adapt\u00e1l\u00e1s\u00e1r\u00f3l t\u00e1j\u00e9koztat, hogy a legjobban megfeleljen l\u00e1togat\u00f3ink ig\u00e9nyeinek, p\u00e9ld\u00e1ul az\u00e1ltal, hogy a legn\u00e9pszer\u0171bb funkci\u00f3kat a legk\u00f6nnyebben megtal\u00e1lhatja \u00e9s el\u00e9rheti, vagy biztos\u00edtja, hogy webhely\u00fcnk megfelel\u0151en m\u0171k\u00f6dik a l\u00e1togat\u00f3ink \u00e1ltal haszn\u00e1lt eszk\u00f6z\u00f6k\u00f6n \u00e9s technol\u00f3gi\u00e1kon.\u00a0Ezek a cookie-k egy megk\u00fcl\u00f6nb\u00f6ztet\u0151 karaktersorozat haszn\u00e1lat\u00e1val m\u0171k\u00f6dnek, amelyb\u0151l az \u00d6n b\u00f6ng\u00e9sz\u0151je vagy eszk\u00f6ze azonos\u00edthat\u00f3 (\u201eegyedi azonos\u00edt\u00f3\u201d), amelyet p\u00e9ld\u00e1ul arra haszn\u00e1lhatunk, hogy felismerj\u00fck a webhely\u00fcnk\u00f6n tett l\u00e1togat\u00e1sa(i) d\u00e1tum\u00e1t \u00e9s id\u0151pontj\u00e1t. webhely. Analitikai cookie-jaink inform\u00e1ci\u00f3kat gy\u0171jthetnek a b\u00f6ng\u00e9sz\u0151 t\u00edpus\u00e1r\u00f3l \u00e9s be\u00e1ll\u00edt\u00e1sair\u00f3l, az eszk\u00f6z t\u00edpus\u00e1r\u00f3l \u00e9s be\u00e1ll\u00edt\u00e1sair\u00f3l, az oper\u00e1ci\u00f3s rendszerr\u0151l \u00e9s a mobilh\u00e1l\u00f3zatr\u00f3l is. Ezeket az inform\u00e1ci\u00f3kat arra haszn\u00e1ljuk, hogy megk\u00fcl\u00f6nb\u00f6ztess\u00fck \u00d6nt webhely\u00fcnk t\u00f6bbi l\u00e1togat\u00f3j\u00e1t\u00f3l, de nem haszn\u00e1lhat\u00f3k fel \u00d6n, mint megnevezett szem\u00e9ly azonos\u00edt\u00e1s\u00e1ra. Az ilyen t\u00edpus\u00fa s\u00fctiket csak akkor \u00e1ll\u00edtjuk be, ha ehhez hozz\u00e1j\u00e1rul\u00e1s\u00e1t adta az \u201e\u00d6sszes s\u00fcti enged\u00e9lyez\u00e9se\u201d lehet\u0151s\u00e9g kiv\u00e1laszt\u00e1s\u00e1val.<\/strong><\/li><li><strong><br \/>b) munkamenet (session) cookie-k, amelyek csak addig m\u0171k\u00f6dnek, am\u00edg a munkamenet (\u00e1ltal\u00e1ban az adott l\u00e1togat\u00e1s a Honlapon vagy egy b\u00f6ng\u00e9sz\u0151 munkamenet tart;<br \/>c) \u00e1lland\u00f3 cookie-k: seg\u00edtenek a Felhaszn\u00e1l\u00f3t l\u00e9tez\u0151 Felhaszn\u00e1l\u00f3k\u00e9nt felismerni, \u00edgy k\u00f6nnyebb a Honlapra val\u00f3 visszat\u00e9r\u00e9s \u00fajabb bejelentkez\u00e9s n\u00e9lk\u00fcl. Miut\u00e1n a Felhaszn\u00e1l\u00f3 bejelentkezik, az \u00e1lland\u00f3 cookie a Felhaszn\u00e1l\u00f3 b\u00f6ng\u00e9sz\u0151j\u00e9ben marad \u00e9s a Honlap azt olvasni tudja, amikor a felhaszn\u00e1l\u00f3 visszat\u00e9r a Honlapra.<\/strong><\/li><\/ol><p><strong>d)marketing cookiek: A\u00a0marketing cookie-k a l\u00e1togat\u00f3k nyomon k\u00f6vet\u00e9s\u00e9re szolg\u00e1lnak a webhelyeken. A c\u00e9l az, hogy olyan hirdet\u00e9seket jelen\u00edtsenek meg, amelyek relev\u00e1nsak \u00e9s vonz\u00f3ak az egyes felhaszn\u00e1l\u00f3k sz\u00e1m\u00e1ra, \u00e9s ez\u00e1ltal \u00e9rt\u00e9kesebbek a megjelen\u00edt\u0151k \u00e9s a harmadik f\u00e9l hirdet\u0151k sz\u00e1m\u00e1ra. Az ilyen t\u00edpus\u00fa s\u00fctiket csak akkor \u00e1ll\u00edtjuk be, ha ehhez hozz\u00e1j\u00e1rul\u00e1s\u00e1t adta az \u201e\u00d6sszes s\u00fcti enged\u00e9lyez\u00e9se\u201d lehet\u0151s\u00e9g kiv\u00e1laszt\u00e1s\u00e1val.<\/strong><\/p><p><strong>\u00a0<\/strong><\/p><p><strong><br \/>Harmadik szem\u00e9lyek \u00e1ltal alkalmazott cookie-k:<\/strong><\/p><p><strong>K\u00f6z\u00f6ss\u00e9gi m\u00e9dia cookiek:\u00a0Weboldalunk k\u00f6z\u00f6ss\u00e9gim\u00e9dia-b\u0151v\u00edtm\u00e9nyeit \u00fagy konfigur\u00e1ltuk, hogy csak azokon az eszk\u00f6z\u00f6k\u00f6n \u00e1ll\u00edtsanak be cookie-kat, amelyeket ezeknek a k\u00f6z\u00f6ss\u00e9gi m\u00e9diaplatformoknak a bejelentkezett tagjai haszn\u00e1lnak. P\u00e9ld\u00e1ul hirdethetj\u00fck az \u00e1ltalunk ny\u00fajtott szolg\u00e1ltat\u00e1sokat\u00a0 bizonyos harmadik felek webhelyein, p\u00e9ld\u00e1ul a Facebookon, Instagramon. Ezen harmadik felek webhelyeir\u0151l sz\u00e1rmaz\u00f3 cookie-kat haszn\u00e1lunk saj\u00e1t webhely\u00fcnk\u00f6n, hogy:\u00a0a saj\u00e1t weboldalunkra bejelentkezett l\u00e1togat\u00f3k anonimiz\u00e1lt demogr\u00e1fiai adatait \u00e9s b\u00f6ng\u00e9sz\u00e9si tev\u00e9kenys\u00e9gi adatait szolg\u00e1ltatja sz\u00e1munkra; seg\u00edt nek\u00fcnk abban, hogy a harmadik felek webhelyein megjelen\u0151 hirdet\u00e9seinket a saj\u00e1t webhely\u00fcnk bizonyos oldalain kor\u00e1bban bejelentkezett l\u00e1togat\u00f3khoz igaz\u00edtsuk; \u00e9s<br \/>seg\u00edt m\u00e9rni hirdet\u00e9seink hat\u00e9konys\u00e1g\u00e1t.<br \/>Ezek a cookie-k egy megk\u00fcl\u00f6nb\u00f6ztet\u0151 karaktersorozat haszn\u00e1lat\u00e1val m\u0171k\u00f6dnek, amelyb\u0151l az \u00d6n b\u00f6ng\u00e9sz\u0151je vagy eszk\u00f6ze azonos\u00edthat\u00f3 (\u201eegyedi azonos\u00edt\u00f3\u201d). A k\u00f6z\u00f6ss\u00e9gi m\u00e9dia cookie-k inform\u00e1ci\u00f3kat gy\u0171jthetnek a b\u00f6ng\u00e9sz\u0151 t\u00edpus\u00e1r\u00f3l \u00e9s be\u00e1ll\u00edt\u00e1sair\u00f3l, az eszk\u00f6z t\u00edpus\u00e1r\u00f3l \u00e9s be\u00e1ll\u00edt\u00e1sair\u00f3l, az oper\u00e1ci\u00f3s rendszerr\u0151l \u00e9s a mobilh\u00e1l\u00f3zatr\u00f3l is. Ezeket az inform\u00e1ci\u00f3kat arra haszn\u00e1ljuk, hogy megk\u00fcl\u00f6nb\u00f6ztess\u00fck \u00d6nt webhely\u00fcnk t\u00f6bbi l\u00e1togat\u00f3j\u00e1t\u00f3l, de nem haszn\u00e1lhat\u00f3k fel \u00d6n, mint megnevezett szem\u00e9ly azonos\u00edt\u00e1s\u00e1ra.<\/strong><\/p><p><strong>Az ilyen t\u00edpus\u00fa s\u00fctiket csak akkor \u00e1ll\u00edtjuk be, ha ehhez hozz\u00e1j\u00e1rul\u00e1s\u00e1t adta az \u201e\u00d6sszes s\u00fcti enged\u00e9lyez\u00e9se\u201d lehet\u0151s\u00e9g kiv\u00e1laszt\u00e1s\u00e1val.<\/strong><\/p><p><strong>Megb\u00edzhat\u00f3 partnerek seg\u00edtik a Szolg\u00e1ltat\u00f3t hirdet\u00e9sek Honlapon \u00e9s azon k\u00edv\u00fcl t\u00f6rt\u00e9n\u0151 megjelen\u00edt\u00e9s\u00e9ben, \u00e9s analitika szolg\u00e1ltat\u00f3k, mint a Google Analytics, Google Tag manager, Google Ads is cookie-kat helyezhetnek el a Felhaszn\u00e1l\u00f3 eszk\u00f6z\u00e9n.<\/strong><\/p><p><strong>A felhaszn\u00e1l\u00f3k a Google hirdet\u00e9sek kikapcsol\u00e1s\u00e1ra szolg\u00e1l\u00f3 oldalon tilthatj\u00e1k le a Google cookiek haszn\u00e1lat\u00e1t.<\/strong><\/p><p><strong>A http:\/\/www.networkadvertising.org\/choices\/ linken lehet\u0151s\u00e9g van egy\u00e9b k\u00fcls\u0151 szolg\u00e1ltat\u00f3k cookiejainak a letilt\u00e1s\u00e1ra is.<\/strong><\/p><p><strong>A cookie-k ellen\u0151rz\u00e9se, ir\u00e1ny\u00edt\u00e1sa:<\/strong><\/p><p><strong>A legt\u00f6bb b\u00f6ng\u00e9sz\u0151 lehet\u0151v\u00e9 teszi, hogy a Felhaszn\u00e1l\u00f3k kontroll\u00e1lj\u00e1k a be\u00e1ll\u00edt\u00e1sokon kereszt\u00fcl a cookie alkalmaz\u00e1s\u00e1t. Mindazon\u00e1ltal, ha a Felhaszn\u00e1l\u00f3 korl\u00e1tozza a Honlapot a cookie haszn\u00e1lat\u00e1ban, az ronthatja a Felhaszn\u00e1l\u00f3i \u00e9lm\u00e9nyt, mivel az nem ker\u00fcl t\u00f6bb\u00e9 a Felhaszn\u00e1l\u00f3ra szem\u00e9lyre szab\u00e1sra. A Felhaszn\u00e1l\u00f3 ezen k\u00edv\u00fcl le\u00e1ll\u00edthatja a szem\u00e9lyre szabott be\u00e1ll\u00edt\u00e1sok ment\u00e9s\u00e9t is, mint p\u00e9ld\u00e1ul a bejelentkez\u00e9si inform\u00e1ci\u00f3k\u00e9t.<\/strong><\/p><p><strong>Ha a Felhaszn\u00e1l\u00f3 nem k\u00edv\u00e1nja, hogy a Szolg\u00e1ltat\u00f3 cookie-kat alkalmazzon, amikor megl\u00e1togatja a Honlapot, a Felhaszn\u00e1l\u00f3 a be\u00e1ll\u00edt\u00e1sok men\u00fcpontban megsz\u00fcntetheti egyes cookiek alkalmaz\u00e1s\u00e1t. Annak \u00e9rdek\u00e9ben, hogy a Szolg\u00e1ltat\u00f3 tudom\u00e1st szerezzen arr\u00f3l, hogy a Felhaszn\u00e1l\u00f3 letiltotta egyes cookiek haszn\u00e1lat\u00e1t, a Szolg\u00e1ltat\u00f3 letilt\u00e1si cookiet helyez el a Felhaszn\u00e1l\u00f3 eszk\u00f6z\u00e9n, \u00edgy a Szolg\u00e1ltat\u00f3 tudni fogja, hogy nem helyezhet el cookie-kat akkor, amikor a Felhaszn\u00e1l\u00f3 k\u00f6vetkez\u0151 alkalommal megl\u00e1togatja a Honlapot. Ha a Felhaszn\u00e1l\u00f3 nem k\u00edv\u00e1n cookie-kat kapni, a Felhaszn\u00e1l\u00f3 megv\u00e1ltoztathatja a b\u00f6ng\u00e9sz\u0151 be\u00e1ll\u00edt\u00e1sait a sz\u00e1m\u00edt\u00f3g\u00e9p\u00e9n. Ha a Felhaszn\u00e1l\u00f3 a b\u00f6ng\u00e9sz\u0151 be\u00e1ll\u00edt\u00e1sok megv\u00e1ltoztat\u00e1sa n\u00e9lk\u00fcl haszn\u00e1lja a Honlapot, a Szolg\u00e1ltat\u00f3 \u00fagy tekinti, hogy a Felhaszn\u00e1l\u00f3 a Honlapon b\u00e1rmilyen cookie k\u00fcld\u00e9s\u00e9hez hozz\u00e1j\u00e1rul. A Honlap cookie-k n\u00e9lk\u00fcl nem m\u0171k\u00f6dik megfelel\u0151en.<\/strong><\/p><p><strong>A cookie-kr\u00f3l val\u00f3 t\u00f6bb inform\u00e1ci\u00f3 szerz\u00e9s\u00e9hez, bele\u00e9rtve a cookie-k fajt\u00e1j\u00e1t, kezel\u00e9s\u00e9t \u00e9s t\u00f6rl\u00e9s\u00e9t, l\u00e1togassa meg a www.allaboutcookies.org, vagy www.aboutcookies.org honlapokat.<\/strong><\/p><p><strong>A felhaszn\u00e1l\u00f3k a cookiekat az al\u00e1bbi linken is szab\u00e1lyozhatj\u00e1k, enged\u00e9lyezhetik: https:\/\/www.youronlinechoices.eu.<\/strong><\/p><ol start=\"8\"><li><strong> Panaszkezel\u00e9s<\/strong><\/li><\/ol><p><strong>Ha b\u00e1rmilyen agg\u00e1lya vagy panasza van, vegye fel vel\u00fcnk a kapcsolatot a fent megadott el\u00e9rhet\u0151s\u00e9gen. Jogosult panaszt tenni az illet\u00e9kes adatv\u00e9delmi hat\u00f3s\u00e1gn\u00e1l is.<\/strong><\/p><ul><li><strong>Magyarorsz\u00e1g: Nemzeti Adatv\u00e9delmi \u00e9s Inform\u00e1ci\u00f3szabads\u00e1g Hat\u00f3s\u00e1g (NAIH)<\/strong><ul><li><strong>Weboldal: <\/strong><a href=\"https:\/\/naih.hu\/\"><strong>https:\/\/naih.hu\/<\/strong><\/a><\/li><li><strong>Telefon: +36 (1) 391-1400<\/strong><\/li><li><strong>E-mail: ugyfelszolgalat@naih.hu<\/strong><\/li><\/ul><\/li><li><strong>Egyes\u00fclt Kir\u00e1lys\u00e1g: Information Commissioner\u2019s Office (ICO)<\/strong><ul><li><strong>Weboldal: <\/strong><a href=\"https:\/\/ico.org.uk\/\"><strong>https:\/\/ico.org.uk\/<\/strong><\/a><\/li><li><strong>Telefon: +44 303 123 1113<\/strong><\/li><\/ul><\/li><li><strong>Ausztr\u00e1lia: Office of the Australian Information Commissioner (OAIC)<\/strong><ul><li><strong>Weboldal: <\/strong><a href=\"https:\/\/www.oaic.gov.au\/\"><strong>https:\/\/www.oaic.gov.au\/<\/strong><\/a><\/li><li><strong>Telefon: +61 1300 363 992<\/strong><\/li><\/ul><\/li><li><strong>Kalifornia, USA: California Privacy Protection Agency (CPPA)<\/strong><ul><li><strong>Weboldal: <\/strong><a href=\"https:\/\/cppa.ca.gov\/\"><strong>https:\/\/cppa.ca.gov\/<\/strong><\/a><\/li><\/ul><\/li><li><strong>\u00cdrorsz\u00e1g: Data Protection Commission (DPC)<\/strong><ul><li><strong>Weboldal: <\/strong><a href=\"https:\/\/www.dataprotection.ie\/\"><strong>https:\/\/www.dataprotection.ie\/<\/strong><\/a><\/li><li><strong>Telefon: +353 (0)761 104 800<\/strong><\/li><\/ul><\/li><\/ul><ol start=\"9\"><li><strong> V\u00e1ltoz\u00e1sok Az Adatv\u00e9delmi Nyilatkozatban<\/strong><\/li><\/ol><p><strong>Az Adatv\u00e9delmi Nyilatkozatot id\u0151r\u0151l id\u0151re friss\u00edthetj\u00fck. A legfrissebb verz\u00f3 mindig el\u00e9rhet\u0151 lesz weboldalunkon.<\/strong><\/p>\t\t\t\t\t\t\t\t<\/div>\n\t\t\t\t<\/div>\n\t\t\t\t\t<\/div>\n\t\t\t\t<\/div>\n\t\t\t\t<\/div>","protected":false},"excerpt":{"rendered":"<p>Adatv\u00e9delem Adatv\u00e9delmi Nyilatkozat Hat\u00e1lyos: 2025.01.27-t\u0151l megv\u00e1ltoztat\u00e1sig Az angel-ani.com, (&#8222;c\u00e9g&#8221;, &#8222;mi&#8221; vagy \u201cminket\u201d) k\u00f6telezett a szem\u00e9lyes adatok v\u00e9delm\u00e9re, \u00e9s az \u00d6n &#8230; <a title=\"Adatv\u00e9delem\" class=\"read-more\" href=\"https:\/\/angel-ani.com\/en\/adatvedelem\/\" aria-label=\"Read more about Adatv\u00e9delem\">Read more<\/a><\/p>","protected":false},"author":1,"featured_media":0,"parent":0,"menu_order":0,"comment_status":"closed","ping_status":"closed","template":"elementor_header_footer","meta":{"_seopress_robots_primary_cat":"","_seopress_titles_title":"","_seopress_titles_desc":"","_seopress_robots_index":"","footnotes":""},"class_list":["post-1266","page","type-page","status-publish"],"_links":{"self":[{"href":"https:\/\/angel-ani.com\/en\/wp-json\/wp\/v2\/pages\/1266","targetHints":{"allow":["GET"]}}],"collection":[{"href":"https:\/\/angel-ani.com\/en\/wp-json\/wp\/v2\/pages"}],"about":[{"href":"https:\/\/angel-ani.com\/en\/wp-json\/wp\/v2\/types\/page"}],"author":[{"embeddable":true,"href":"https:\/\/angel-ani.com\/en\/wp-json\/wp\/v2\/users\/1"}],"replies":[{"embeddable":true,"href":"https:\/\/angel-ani.com\/en\/wp-json\/wp\/v2\/comments?post=1266"}],"version-history":[{"count":0,"href":"https:\/\/angel-ani.com\/en\/wp-json\/wp\/v2\/pages\/1266\/revisions"}],"wp:attachment":[{"href":"https:\/\/angel-ani.com\/en\/wp-json\/wp\/v2\/media?parent=1266"}],"curies":[{"name":"wp","href":"https:\/\/api.w.org\/{rel}","templated":true}]}}