{"id":544,"date":"2025-02-01T08:28:40","date_gmt":"2025-02-01T08:28:40","guid":{"rendered":"https:\/\/angel-ani.com\/cart\/"},"modified":"2025-04-07T17:43:02","modified_gmt":"2025-04-07T17:43:02","slug":"kosar","status":"publish","type":"page","link":"https:\/\/angel-ani.com\/en\/kosar\/","title":{"rendered":"Kos\u00e1r"},"content":{"rendered":"<div data-block-name=\"woocommerce\/cart\" class=\"wp-block-woocommerce-cart alignwide is-loading\"><div data-block-name=\"woocommerce\/filled-cart-block\" class=\"wp-block-woocommerce-filled-cart-block\"><div data-block-name=\"woocommerce\/cart-items-block\" class=\"wp-block-woocommerce-cart-items-block\"><div data-block-name=\"woocommerce\/cart-line-items-block\" class=\"wp-block-woocommerce-cart-line-items-block\"><\/div>\n\n<div data-block-name=\"woocommerce\/cart-cross-sells-block\" class=\"wp-block-woocommerce-cart-cross-sells-block\"><h2 class=\"wp-block-heading has-large-font-size\">Tal\u00e1n \u00e9rdekelhetnek ezek&#8230;<\/h2>\n\n<div data-block-name=\"woocommerce\/cart-cross-sells-products-block\" class=\"wp-block-woocommerce-cart-cross-sells-products-block\"><\/div><\/div><\/div>\n\n<div data-block-name=\"woocommerce\/cart-totals-block\" class=\"wp-block-woocommerce-cart-totals-block\"><div data-block-name=\"woocommerce\/cart-order-summary-block\" class=\"wp-block-woocommerce-cart-order-summary-block\"><div data-block-name=\"woocommerce\/cart-order-summary-heading-block\" data-content=\"Kos\u00e1r \u00f6sszesen\" class=\"wp-block-woocommerce-cart-order-summary-heading-block\"><\/div>\n\n<div data-block-name=\"woocommerce\/cart-order-summary-coupon-form-block\" class=\"wp-block-woocommerce-cart-order-summary-coupon-form-block\"><\/div>\n\n<div data-block-name=\"woocommerce\/cart-order-summary-totals-block\" class=\"wp-block-woocommerce-cart-order-summary-totals-block\"><div data-block-name=\"woocommerce\/cart-order-summary-subtotal-block\" class=\"wp-block-woocommerce-cart-order-summary-subtotal-block\"><\/div>\n\n<div data-block-name=\"woocommerce\/cart-order-summary-fee-block\" class=\"wp-block-woocommerce-cart-order-summary-fee-block\"><\/div>\n\n<div data-block-name=\"woocommerce\/cart-order-summary-discount-block\" class=\"wp-block-woocommerce-cart-order-summary-discount-block\"><\/div>\n\n<div data-block-name=\"woocommerce\/cart-order-summary-shipping-block\" class=\"wp-block-woocommerce-cart-order-summary-shipping-block\"><\/div>\n\n<div data-block-name=\"woocommerce\/cart-order-summary-taxes-block\" class=\"wp-block-woocommerce-cart-order-summary-taxes-block\"><\/div><\/div><\/div>\n\n<div data-block-name=\"woocommerce\/cart-express-payment-block\" class=\"wp-block-woocommerce-cart-express-payment-block\"><\/div>\n\n<div data-block-name=\"woocommerce\/proceed-to-checkout-block\" class=\"wp-block-woocommerce-proceed-to-checkout-block\"><\/div>\n\n<div data-block-name=\"woocommerce\/cart-accepted-payment-methods-block\" class=\"wp-block-woocommerce-cart-accepted-payment-methods-block\"><\/div><\/div><\/div>\n\n<div data-block-name=\"woocommerce\/empty-cart-block\" class=\"wp-block-woocommerce-empty-cart-block\"><h2 class=\"wp-block-heading has-text-align-center with-empty-cart-icon wc-block-cart__empty-cart__title\">Jelenleg \u00fcres a kosarad.<\/h2>\n\n<p class=\"has-text-align-center\"><a href=\"https:\/\/angel-ani.com\/en\/shop\/\">N\u00e9zz k\u00f6r\u00fcl az \u00fczletben<\/a><\/p>\n\n<hr class=\"wp-block-separator has-alpha-channel-opacity is-style-dots\"\/>\n\n<h2 class=\"wp-block-heading has-text-align-center\">\u00dajdons\u00e1gok<\/h2>\n\n<div data-block-name=\"woocommerce\/product-new\" data-columns=\"4\" data-rows=\"1\" class=\"wc-block-grid wp-block-product-new wp-block-woocommerce-product-new wc-block-product-new has-4-columns\"><ul class=\"wc-block-grid__products\"><li class=\"wc-block-grid__product\"><span class=\"gtm4wp_productdata\" style=\"display:none; visibility:hidden;\" data-gtm4wp_product_data=\"{&quot;internal_id&quot;:1929,&quot;item_id&quot;:1929,&quot;item_name&quot;:&quot;4 hetes intenz\\u00edv kurzus 2025.11.04-t\\u0151l&quot;,&quot;sku&quot;:1929,&quot;price&quot;:7000,&quot;stocklevel&quot;:null,&quot;stockstatus&quot;:&quot;instock&quot;,&quot;google_business_vertical&quot;:&quot;retail&quot;,&quot;item_category&quot;:&quot;Uncategorized&quot;,&quot;id&quot;:1929,&quot;item_brand&quot;:&quot;&quot;,&quot;productlink&quot;:&quot;https:\\\/\\\/angel-ani.com\\\/en\\\/kurzusok\\\/4-hetes-intenziv-kurzus-2025-10-04-tol\\\/&quot;,&quot;item_list_name&quot;:&quot;General Product List&quot;,&quot;index&quot;:0,&quot;product_type&quot;:&quot;simple&quot;}\"><\/span>\n\t\t\t\t<a href=\"https:\/\/angel-ani.com\/en\/kurzusok\/4-hetes-intenziv-kurzus-2025-10-04-tol\/\" class=\"wc-block-grid__product-link\">\n\t\t\t\t\t\n\t\t\t\t\t<div class=\"wc-block-grid__product-image\"><img fetchpriority=\"high\" decoding=\"async\" width=\"300\" height=\"300\" src=\"https:\/\/angel-ani.com\/wp-content\/uploads\/2025\/10\/Kepernyokep-2025-10-11-114730-300x300.png\" class=\"attachment-woocommerce_thumbnail size-woocommerce_thumbnail\" alt=\"4 hetes intenz\u00edv kurzus 2025.11.04-t\u0151l\" srcset=\"https:\/\/angel-ani.com\/wp-content\/uploads\/2025\/10\/Kepernyokep-2025-10-11-114730-300x300.png 300w, https:\/\/angel-ani.com\/wp-content\/uploads\/2025\/10\/Kepernyokep-2025-10-11-114730-150x150.png 150w, https:\/\/angel-ani.com\/wp-content\/uploads\/2025\/10\/Kepernyokep-2025-10-11-114730-100x100.png 100w\" sizes=\"(max-width: 300px) 100vw, 300px\" \/><\/div>\n\t\t\t\t\t<div class=\"wc-block-grid__product-title\">4 hetes intenz\u00edv kurzus 2025.11.04-t\u0151l<\/div>\n\t\t\t\t<\/a>\n\t\t\t\t<div class=\"wc-block-grid__product-price price\"><span class=\"woocommerce-Price-amount amount\">7,000<span class=\"woocommerce-Price-currencySymbol\">&#070;&#116;<\/span><\/span><\/div>\n\t\t\t\t\n\t\t\t\t<div class=\"wp-block-button wc-block-grid__product-add-to-cart\"><a href=\"?add-to-cart=1929\" aria-label=\"Add to cart: \u201c4 hetes intenz\u00edv kurzus 2025.11.04-t\u0151l\u201d\" data-quantity=\"1\" data-product_id=\"1929\" data-product_sku=\"\" data-price=\"7000\" rel=\"nofollow\" class=\"wp-block-button__link  add_to_cart_button ajax_add_to_cart\" data-no-translation=\"\" data-trp-gettext=\"\" data-no-translation-aria-label=\"\">Add to cart<\/a><\/div>\n\t\t\t<\/li><li class=\"wc-block-grid__product\"><span class=\"gtm4wp_productdata\" style=\"display:none; visibility:hidden;\" data-gtm4wp_product_data=\"{&quot;internal_id&quot;:1788,&quot;item_id&quot;:1788,&quot;item_name&quot;:&quot;4 hetes intenz\\u00edv kurzus 2025.07.28-t\\u00f3l&quot;,&quot;sku&quot;:1788,&quot;price&quot;:7000,&quot;stocklevel&quot;:null,&quot;stockstatus&quot;:&quot;instock&quot;,&quot;google_business_vertical&quot;:&quot;retail&quot;,&quot;item_category&quot;:&quot;Uncategorized&quot;,&quot;id&quot;:1788,&quot;item_brand&quot;:&quot;&quot;,&quot;productlink&quot;:&quot;https:\\\/\\\/angel-ani.com\\\/en\\\/kurzusok\\\/4-hetes-intenziv-kurzus-2025-07-28-tol\\\/&quot;,&quot;item_list_name&quot;:&quot;General Product List&quot;,&quot;index&quot;:0,&quot;product_type&quot;:&quot;simple&quot;}\"><\/span>\n\t\t\t\t<a href=\"https:\/\/angel-ani.com\/en\/kurzusok\/4-hetes-intenziv-kurzus-2025-07-28-tol\/\" class=\"wc-block-grid__product-link\">\n\t\t\t\t\t\n\t\t\t\t\t<div class=\"wc-block-grid__product-image\"><img decoding=\"async\" width=\"300\" height=\"300\" src=\"https:\/\/angel-ani.com\/wp-content\/uploads\/2025\/07\/4heteskurzus-300x300.webp\" class=\"attachment-woocommerce_thumbnail size-woocommerce_thumbnail\" alt=\"4 hetes intenz\u00edv kurzus 2025.07.28-t\u00f3l\" srcset=\"https:\/\/angel-ani.com\/wp-content\/uploads\/2025\/07\/4heteskurzus-300x300.webp 300w, https:\/\/angel-ani.com\/wp-content\/uploads\/2025\/07\/4heteskurzus-150x150.webp 150w, https:\/\/angel-ani.com\/wp-content\/uploads\/2025\/07\/4heteskurzus-100x100.webp 100w\" sizes=\"(max-width: 300px) 100vw, 300px\" \/><\/div>\n\t\t\t\t\t<div class=\"wc-block-grid__product-title\">4 hetes intenz\u00edv kurzus 2025.07.28-t\u00f3l<\/div>\n\t\t\t\t<\/a>\n\t\t\t\t<div class=\"wc-block-grid__product-price price\"><span class=\"woocommerce-Price-amount amount\">7,000<span class=\"woocommerce-Price-currencySymbol\">&#070;&#116;<\/span><\/span><\/div>\n\t\t\t\t\n\t\t\t\t<div class=\"wp-block-button wc-block-grid__product-add-to-cart\"><a href=\"?add-to-cart=1788\" aria-label=\"Add to cart: \u201c4 hetes intenz\u00edv kurzus 2025.07.28-t\u00f3l\u201d\" data-quantity=\"1\" data-product_id=\"1788\" data-product_sku=\"\" data-price=\"7000\" rel=\"nofollow\" class=\"wp-block-button__link  add_to_cart_button ajax_add_to_cart\" data-no-translation=\"\" data-trp-gettext=\"\" data-no-translation-aria-label=\"\">Add to cart<\/a><\/div>\n\t\t\t<\/li><li class=\"wc-block-grid__product\"><span class=\"gtm4wp_productdata\" style=\"display:none; visibility:hidden;\" data-gtm4wp_product_data=\"{&quot;internal_id&quot;:1469,&quot;item_id&quot;:1469,&quot;item_name&quot;:&quot;Teszt tanfolyam&quot;,&quot;sku&quot;:1469,&quot;price&quot;:180,&quot;stocklevel&quot;:null,&quot;stockstatus&quot;:&quot;instock&quot;,&quot;google_business_vertical&quot;:&quot;retail&quot;,&quot;item_category&quot;:&quot;Uncategorized&quot;,&quot;id&quot;:1469,&quot;item_brand&quot;:&quot;&quot;,&quot;productlink&quot;:&quot;https:\\\/\\\/angel-ani.com\\\/en\\\/kurzusok\\\/teszt-tanfolyam\\\/&quot;,&quot;item_list_name&quot;:&quot;General Product List&quot;,&quot;index&quot;:0,&quot;product_type&quot;:&quot;simple&quot;}\"><\/span>\n\t\t\t\t<a href=\"https:\/\/angel-ani.com\/en\/kurzusok\/teszt-tanfolyam\/\" class=\"wc-block-grid__product-link\">\n\t\t\t\t\t\n\t\t\t\t\t<div class=\"wc-block-grid__product-image\"><img decoding=\"async\" width=\"300\" height=\"300\" src=\"https:\/\/angel-ani.com\/wp-content\/uploads\/2025\/04\/kerek1_boldog-300x300.webp\" class=\"attachment-woocommerce_thumbnail size-woocommerce_thumbnail\" alt=\"Teszt tanfolyam\" srcset=\"https:\/\/angel-ani.com\/wp-content\/uploads\/2025\/04\/kerek1_boldog-300x300.webp 300w, https:\/\/angel-ani.com\/wp-content\/uploads\/2025\/04\/kerek1_boldog-150x150.webp 150w, https:\/\/angel-ani.com\/wp-content\/uploads\/2025\/04\/kerek1_boldog-768x768.webp 768w, https:\/\/angel-ani.com\/wp-content\/uploads\/2025\/04\/kerek1_boldog-12x12.webp 12w, https:\/\/angel-ani.com\/wp-content\/uploads\/2025\/04\/kerek1_boldog-600x600.webp 600w, https:\/\/angel-ani.com\/wp-content\/uploads\/2025\/04\/kerek1_boldog-100x100.webp 100w, https:\/\/angel-ani.com\/wp-content\/uploads\/2025\/04\/kerek1_boldog-50x50.webp 50w, https:\/\/angel-ani.com\/wp-content\/uploads\/2025\/04\/kerek1_boldog.webp 1000w\" sizes=\"(max-width: 300px) 100vw, 300px\" \/><\/div>\n\t\t\t\t\t<div class=\"wc-block-grid__product-title\">Teszt tanfolyam<\/div>\n\t\t\t\t<\/a>\n\t\t\t\t<div class=\"wc-block-grid__product-price price\"><span class=\"woocommerce-Price-amount amount\">180<span class=\"woocommerce-Price-currencySymbol\">&#070;&#116;<\/span><\/span><\/div>\n\t\t\t\t\n\t\t\t\t<div class=\"wp-block-button wc-block-grid__product-add-to-cart\"><a href=\"?add-to-cart=1469\" aria-label=\"Add to cart: \u201cTeszt tanfolyam\u201d\" data-quantity=\"1\" data-product_id=\"1469\" data-product_sku=\"\" data-price=\"180\" rel=\"nofollow\" class=\"wp-block-button__link  add_to_cart_button ajax_add_to_cart\" data-no-translation=\"\" data-trp-gettext=\"\" data-no-translation-aria-label=\"\">Add to cart<\/a><\/div>\n\t\t\t<\/li><li class=\"wc-block-grid__product\"><span class=\"gtm4wp_productdata\" style=\"display:none; visibility:hidden;\" data-gtm4wp_product_data=\"{&quot;internal_id&quot;:1238,&quot;item_id&quot;:1238,&quot;item_name&quot;:&quot;Spiritu\\u00e1lis fogy\\u00f3k\\u00fara&quot;,&quot;sku&quot;:1238,&quot;price&quot;:12000,&quot;stocklevel&quot;:null,&quot;stockstatus&quot;:&quot;instock&quot;,&quot;google_business_vertical&quot;:&quot;retail&quot;,&quot;item_category&quot;:&quot;Kurzusok&quot;,&quot;id&quot;:1238,&quot;item_brand&quot;:&quot;&quot;,&quot;productlink&quot;:&quot;https:\\\/\\\/angel-ani.com\\\/en\\\/kurzusok\\\/spiritualis-fogyokura\\\/&quot;,&quot;item_list_name&quot;:&quot;General Product List&quot;,&quot;index&quot;:0,&quot;product_type&quot;:&quot;simple&quot;}\"><\/span>\n\t\t\t\t<a href=\"https:\/\/angel-ani.com\/en\/kurzusok\/spiritualis-fogyokura\/\" class=\"wc-block-grid__product-link\">\n\t\t\t\t\t<div class=\"wc-block-grid__product-onsale\">\n\t\t\t<span aria-hidden=\"true\" data-no-translation=\"\" data-trp-gettext=\"\">Sale<\/span>\n\t\t\t<span class=\"screen-reader-text\" data-no-translation=\"\" data-trp-gettext=\"\">Product on sale<\/span>\n\t\t<\/div>\n\t\t\t\t\t<div class=\"wc-block-grid__product-image\"><img loading=\"lazy\" decoding=\"async\" width=\"300\" height=\"300\" src=\"https:\/\/angel-ani.com\/wp-content\/uploads\/2025\/04\/fogyokura-300x300.webp\" class=\"attachment-woocommerce_thumbnail size-woocommerce_thumbnail\" alt=\"Spiritu\u00e1lis fogy\u00f3k\u00fara\" srcset=\"https:\/\/angel-ani.com\/wp-content\/uploads\/2025\/04\/fogyokura-300x300.webp 300w, https:\/\/angel-ani.com\/wp-content\/uploads\/2025\/04\/fogyokura-150x150.webp 150w, https:\/\/angel-ani.com\/wp-content\/uploads\/2025\/04\/fogyokura-100x100.webp 100w\" sizes=\"(max-width: 300px) 100vw, 300px\" \/><\/div>\n\t\t\t\t\t<div class=\"wc-block-grid__product-title\">Spiritu\u00e1lis fogy\u00f3k\u00fara<\/div>\n\t\t\t\t<\/a>\n\t\t\t\t<div class=\"wc-block-grid__product-price price\"><del aria-hidden=\"true\"><span class=\"woocommerce-Price-amount amount\">23,000<span class=\"woocommerce-Price-currencySymbol\">&#070;&#116;<\/span><\/span><\/del> <span class=\"screen-reader-text\" data-no-translation=\"\" data-trp-gettext=\"\">Original price was: 23,000&#070;&#116;.<\/span><ins aria-hidden=\"true\"><span class=\"woocommerce-Price-amount amount\">12,000<span class=\"woocommerce-Price-currencySymbol\">&#070;&#116;<\/span><\/span><\/ins><span class=\"screen-reader-text\" data-no-translation=\"\" data-trp-gettext=\"\">Current price is: 12,000&#070;&#116;.<\/span><\/div>\n\t\t\t\t\n\t\t\t\t<div class=\"wp-block-button wc-block-grid__product-add-to-cart\"><a href=\"?add-to-cart=1238\" aria-label=\"Add to cart: \u201cSpiritu\u00e1lis fogy\u00f3k\u00fara\u201d\" data-quantity=\"1\" data-product_id=\"1238\" data-product_sku=\"\" data-price=\"12000\" rel=\"nofollow\" class=\"wp-block-button__link  add_to_cart_button ajax_add_to_cart\" data-no-translation=\"\" data-trp-gettext=\"\" data-no-translation-aria-label=\"\">Add to cart<\/a><\/div>\n\t\t\t<\/li><\/ul><\/div><\/div><\/div>","protected":false},"excerpt":{"rendered":"","protected":false},"author":1,"featured_media":0,"parent":0,"menu_order":0,"comment_status":"closed","ping_status":"closed","template":"","meta":{"_seopress_robots_primary_cat":"","_seopress_titles_title":"","_seopress_titles_desc":"","_seopress_robots_index":"","footnotes":""},"class_list":["post-544","page","type-page","status-publish"],"_links":{"self":[{"href":"https:\/\/angel-ani.com\/en\/wp-json\/wp\/v2\/pages\/544","targetHints":{"allow":["GET"]}}],"collection":[{"href":"https:\/\/angel-ani.com\/en\/wp-json\/wp\/v2\/pages"}],"about":[{"href":"https:\/\/angel-ani.com\/en\/wp-json\/wp\/v2\/types\/page"}],"author":[{"embeddable":true,"href":"https:\/\/angel-ani.com\/en\/wp-json\/wp\/v2\/users\/1"}],"replies":[{"embeddable":true,"href":"https:\/\/angel-ani.com\/en\/wp-json\/wp\/v2\/comments?post=544"}],"version-history":[{"count":0,"href":"https:\/\/angel-ani.com\/en\/wp-json\/wp\/v2\/pages\/544\/revisions"}],"wp:attachment":[{"href":"https:\/\/angel-ani.com\/en\/wp-json\/wp\/v2\/media?parent=544"}],"curies":[{"name":"wp","href":"https:\/\/api.w.org\/{rel}","templated":true}]}}