{"id":574,"date":"2025-02-01T17:30:15","date_gmt":"2025-02-01T17:30:15","guid":{"rendered":"https:\/\/angel-ani.com\/?page_id=574"},"modified":"2025-04-07T11:41:17","modified_gmt":"2025-04-07T11:41:17","slug":"about-us","status":"publish","type":"page","link":"https:\/\/angel-ani.com\/en\/about-us\/","title":{"rendered":"About us"},"content":{"rendered":"<div data-elementor-type=\"wp-page\" data-elementor-id=\"574\" class=\"elementor elementor-574\" data-elementor-post-type=\"page\">\n\t\t\t\t<div class=\"elementor-element elementor-element-53c3192 e-con-full e-flex e-con e-parent\" data-id=\"53c3192\" data-element_type=\"container\" data-settings=\"{&quot;background_background&quot;:&quot;classic&quot;}\">\n\t\t\t\t<div class=\"elementor-element elementor-element-54c12a4 elementor-widget elementor-widget-heading\" data-id=\"54c12a4\" data-element_type=\"widget\" data-widget_type=\"heading.default\">\n\t\t\t\t<div class=\"elementor-widget-container\">\n\t\t\t\t\t<h2 class=\"elementor-heading-title elementor-size-default\">R\u00f3lam<\/h2>\t\t\t\t<\/div>\n\t\t\t\t<\/div>\n\t\t\t\t<\/div>\n\t\t<div class=\"elementor-element elementor-element-d983a16 e-flex e-con-boxed e-con e-parent\" data-id=\"d983a16\" data-element_type=\"container\">\n\t\t\t\t\t<div class=\"e-con-inner\">\n\t\t<div class=\"elementor-element elementor-element-5bc68cb e-con-full e-flex e-con e-child\" data-id=\"5bc68cb\" data-element_type=\"container\" data-settings=\"{&quot;background_background&quot;:&quot;classic&quot;}\">\n\t\t\t\t<div class=\"elementor-element elementor-element-27f57c9 elementor-widget elementor-widget-image\" data-id=\"27f57c9\" data-element_type=\"widget\" data-widget_type=\"image.default\">\n\t\t\t\t<div class=\"elementor-widget-container\">\n\t\t\t\t\t\t\t\t\t\t\t\t\t\t\t<img alt=\"\" fetchpriority=\"high\" decoding=\"async\" width=\"459\" height=\"459\" src=\"https:\/\/angel-ani.com\/wp-content\/uploads\/2025\/03\/Kepernyokep-2025-03-19-080927.png\" class=\"attachment-large size-large wp-image-1022\" srcset=\"https:\/\/angel-ani.com\/wp-content\/uploads\/2025\/03\/Kepernyokep-2025-03-19-080927.png 459w, https:\/\/angel-ani.com\/wp-content\/uploads\/2025\/03\/Kepernyokep-2025-03-19-080927-300x300.png 300w, https:\/\/angel-ani.com\/wp-content\/uploads\/2025\/03\/Kepernyokep-2025-03-19-080927-150x150.png 150w, https:\/\/angel-ani.com\/wp-content\/uploads\/2025\/03\/Kepernyokep-2025-03-19-080927-100x100.png 100w, https:\/\/angel-ani.com\/wp-content\/uploads\/2025\/03\/Kepernyokep-2025-03-19-080927-50x50.png 50w\" sizes=\"(max-width: 459px) 100vw, 459px\" \/>\t\t\t\t\t\t\t\t\t\t\t\t\t\t\t<\/div>\n\t\t\t\t<\/div>\n\t\t\t\t<div class=\"elementor-element elementor-element-a980f91 elementor-widget elementor-widget-heading\" data-id=\"a980f91\" data-element_type=\"widget\" data-widget_type=\"heading.default\">\n\t\t\t\t<div class=\"elementor-widget-container\">\n\t\t\t\t\t<h2 class=\"elementor-heading-title elementor-size-default\">angel Ani<\/h2>\t\t\t\t<\/div>\n\t\t\t\t<\/div>\n\t\t\t\t<div class=\"elementor-element elementor-element-d9007f0 elementor-widget elementor-widget-text-editor\" data-id=\"d9007f0\" data-element_type=\"widget\" data-widget_type=\"text-editor.default\">\n\t\t\t\t<div class=\"elementor-widget-container\">\n\t\t\t\t\t\t\t\t\t<p class=\"\" data-start=\"87\" data-end=\"327\">\u00dcdv\u00f6z\u00f6llek! AngelAni vagyok, <strong data-start=\"116\" data-end=\"163\">m\u00e9dium, tiszt\u00e1nl\u00e1t\u00f3 \u00e9s spiritu\u00e1lis csatorna<\/strong>, \u00e9s az elm\u00falt 20 \u00e9vben azon dolgoztam, hogy t\u00e1mogassam, inspir\u00e1ljam \u00e9s seg\u00edtsem azokat, akik m\u00e9lyebb \u00f6nismeretre, l\u00e9lek\u00f6sszhangra \u00e9s val\u00f3di \u00e1talakul\u00e1sra v\u00e1gynak.<\/p><p class=\"\" data-start=\"329\" data-end=\"733\"><strong data-start=\"329\" data-end=\"375\">Magyarorsz\u00e1gr\u00f3l, Eur\u00f3pa sz\u00edv\u00e9b\u0151l sz\u00e1rmazom<\/strong>, \u00e9s az \u00e9vek sor\u00e1n emberek ezreivel dolgoztam egy\u00fctt, vezetve \u0151ket az \u00e9rzelmi felszabadul\u00e1s, a spiritu\u00e1lis fejl\u0151d\u00e9s \u00e9s a manifeszt\u00e1ci\u00f3 \u00fatj\u00e1n. <strong data-start=\"517\" data-end=\"547\">Rendszeresen tartok<\/strong> m\u00e9ly, \u00e1talak\u00edt\u00f3 spiritu\u00e1lis elvonul\u00e1sokat,\u00a0 a vil\u00e1g minden t\u00e1j\u00e1r\u00f3l \u00e9rkeznek hozz\u00e1m azok, akik szem\u00e9lyes \u00e1tt\u00f6r\u00e9seket, bels\u0151 gy\u00f3gyul\u00e1st \u00e9s spiritu\u00e1lis vezet\u00e9st keresnek.<\/p><p class=\"\" data-start=\"735\" data-end=\"1081\">A spiritu\u00e1lis kapcsolatom mindig is er\u0151s volt, de <strong data-start=\"785\" data-end=\"847\">a legnagyobb \u00e9bred\u00e9sem egy \u00e9letford\u00edt\u00f3 pillanatban t\u00f6rt\u00e9nt<\/strong> \u2013 egy aut\u00f3baleset sor\u00e1n, mik\u00f6zben a kisebbik l\u00e1nyommal voltam v\u00e1rand\u00f3s. Abban a <strong data-start=\"928\" data-end=\"1016\">kritikus pillanatban megingathatatlan hittel h\u00edvtam seg\u00edts\u00e9g\u00fcl a magasabb hatalmakat<\/strong>, \u00e9s att\u00f3l a napt\u00f3l kezdve <strong data-start=\"1043\" data-end=\"1076\">minden m\u00e9diumi kapum megny\u00edlt<\/strong>. \u2728<\/p><hr class=\"\" data-start=\"1083\" data-end=\"1086\" \/><h3 class=\"\" data-start=\"1088\" data-end=\"1135\"><strong data-start=\"1092\" data-end=\"1133\">K\u00e9pess\u00e9geim \u00e9s Spiritu\u00e1lis Aj\u00e1nd\u00e9kaim<\/strong><\/h3><p class=\"\" data-start=\"1137\" data-end=\"1311\">Ritka m\u00e9diumk\u00e9nt <strong data-start=\"1154\" data-end=\"1206\">birtoklom az \u00f6sszes tiszt\u00e1n\u00e9rz\u00e9kel\u00e9si k\u00e9pess\u00e9get<\/strong>, amelyek lehet\u0151v\u00e9 teszik sz\u00e1momra, hogy m\u00e9lyrehat\u00f3 betekint\u00e9st ny\u00fajtsak az emberek \u00e9let\u00e9be \u00e9s sors\u00e1ba:<\/p><p class=\"\" data-start=\"1313\" data-end=\"1982\">\ud83c\udf1f <strong data-start=\"1316\" data-end=\"1347\">Tiszt\u00e1nl\u00e1t\u00e1s (clairvoyance)<\/strong> \u2013 \u00c9l\u00e9nk k\u00e9peket \u00e9s l\u00e1tom\u00e1sokat kapok, amelyek t\u00falmutatnak a fizikai vil\u00e1gon.<br data-start=\"1424\" data-end=\"1427\" \/>\ud83c\udfb6 <strong data-start=\"1430\" data-end=\"1463\">Tiszt\u00e1nhall\u00e1s (clairaudience)<\/strong> \u2013 Hallom az angyalok, szellemi vezet\u0151k \u00e9s magasabb dimenzi\u00f3k \u00fczeneteit.<br data-start=\"1535\" data-end=\"1538\" \/>\ud83d\udc96 <strong data-start=\"1541\" data-end=\"1574\">Tiszt\u00e1n\u00e9rz\u00e9s (clairsentience)<\/strong> \u2013 M\u00e9lyen \u00e9rz\u00e9kelem az \u00e9rzelmeket, energi\u00e1kat \u00e9s szellemeket, \u00e9s gyakran fizikailag is \u00e9rzem a hozz\u00e1m fordul\u00f3k f\u00e1jdalm\u00e1t a saj\u00e1t testemben.<br data-start=\"1713\" data-end=\"1716\" \/>\ud83d\udd2e <strong data-start=\"1719\" data-end=\"1753\">Tiszt\u00e1ntud\u00e1s (claircognizance)<\/strong> \u2013 Isteni tud\u00e1s \u00e9s megl\u00e1t\u00e1sok \u00e9rkeznek hozz\u00e1m spont\u00e1n m\u00f3don, el\u0151zetes tanul\u00e1s n\u00e9lk\u00fcl.<br data-start=\"1838\" data-end=\"1841\" \/>Ezek az aj\u00e1nd\u00e9kok seg\u00edtenek abban, hogy <strong data-start=\"2024\" data-end=\"2090\">felt\u00e1rjam az \u00e9rzelmi, ment\u00e1lis vagy fizikai probl\u00e9m\u00e1k gy\u00f6ker\u00e9t<\/strong> \u2013 visszavezetve azokat arra a pillanatra, amikor valami benned elmozdult, \u00e9s kialakult a jelenlegi \u00e1llapotod. <strong data-start=\"2201\" data-end=\"2327\">Ha k\u00e9szen \u00e1llsz a v\u00e1ltoz\u00e1sra, seg\u00edtek vissza\u00e1ll\u00edtani a bels\u0151 egyens\u00falyodat, hogy er\u0151vel \u00e9s tiszt\u00e1nl\u00e1t\u00e1ssal l\u00e9phess tov\u00e1bb.<\/strong><\/p>\t\t\t\t\t\t\t\t<\/div>\n\t\t\t\t<\/div>\n\t\t\t\t<\/div>\n\t\t<div class=\"elementor-element elementor-element-7fc5403 e-con-full e-flex e-con e-child\" data-id=\"7fc5403\" data-element_type=\"container\" data-settings=\"{&quot;background_background&quot;:&quot;classic&quot;}\">\n\t\t\t\t<div class=\"elementor-element elementor-element-662ada1 elementor-widget elementor-widget-text-editor\" data-id=\"662ada1\" data-element_type=\"widget\" data-widget_type=\"text-editor.default\">\n\t\t\t\t<div class=\"elementor-widget-container\">\n\t\t\t\t\t\t\t\t\t<h3 class=\"\" data-start=\"2336\" data-end=\"2381\"><strong data-start=\"2340\" data-end=\"2379\">Kapcsolatom a Magasabb Dimenzi\u00f3kkal<\/strong><\/h3><p class=\"\" data-start=\"2383\" data-end=\"2779\">K\u00f6zvetlen kapcsolatban \u00e1llok <strong data-start=\"2412\" data-end=\"2450\">nagy hatalm\u00fa spiritu\u00e1lis l\u00e9nyekkel<\/strong> \u2013 k\u00f6zt\u00fck <strong data-start=\"2460\" data-end=\"2550\">Mih\u00e1ly, Rafael \u00e9s G\u00e1briel arkangyallal, valamint Saint Germain felemelkedett mesterrel<\/strong>, \u00e9s sok m\u00e1s angyali \u00e9s \u00e9gi vezet\u0151vel. <strong data-start=\"2589\" data-end=\"2614\">\u0150ket h\u00edvom seg\u00edts\u00e9g\u00fcl<\/strong>, hogy tiszt\u00e1nl\u00e1t\u00e1st, \u00e1talakul\u00e1st \u00e9s energetikai \u00f6sszehangol\u00e1st hozzak azok \u00e9let\u00e9be, akikkel dolgozom \u2013 \u00e9s gyakran \u00e9rkeznek t\u0151l\u00fck szem\u00e9lyes, er\u0151teljes \u00fczenetek is.<\/p><hr class=\"\" data-start=\"2781\" data-end=\"2784\" \/><h3 class=\"\" data-start=\"2786\" data-end=\"2820\"><strong data-start=\"2790\" data-end=\"2818\">Hogyan Seg\u00edthetek Neked?<\/strong><\/h3><p class=\"\" data-start=\"2822\" data-end=\"3616\">\u2728 <strong data-start=\"2824\" data-end=\"2857\">Tudatalattid \u00fajraprogramoz\u00e1sa<\/strong>, hogy \u00f6sszhangba ker\u00fclj a legmagasabb \u00e9ned energi\u00e1j\u00e1val<br data-start=\"2913\" data-end=\"2916\" \/>\ud83c\udf1f <strong data-start=\"2919\" data-end=\"2947\">Egy 5D-s utaz\u00e1s meg\u00e9l\u00e9se<\/strong>, amely t\u00falmutat a dualit\u00e1son, \u00e9s magasabb rezg\u00e9seket horgonyoz le benned<br data-start=\"3020\" data-end=\"3023\" \/>\ud83d\udc96 <strong data-start=\"3026\" data-end=\"3072\">L\u00e9lekc\u00e9lod felismer\u00e9se \u00e9s kibontakoztat\u00e1sa<\/strong><br data-start=\"3072\" data-end=\"3075\" \/>\ud83d\udd2e <strong data-start=\"3078\" data-end=\"3135\">Negat\u00edv entit\u00e1sok \u00e9s energetikai k\u00f6t\u0151d\u00e9sek elenged\u00e9se<\/strong><br data-start=\"3135\" data-end=\"3138\" \/>\ud83d\udcab <strong data-start=\"3141\" data-end=\"3184\">Csakr\u00e1id megtiszt\u00edt\u00e1sa \u00e9s harmoniz\u00e1l\u00e1sa<\/strong>, hogy \u00e9rzelmi, ment\u00e1lis \u00e9s fizikai szinten egyens\u00falyba ker\u00fclj<br data-start=\"3246\" data-end=\"3249\" \/>\ud83d\udc41 <strong data-start=\"3252\" data-end=\"3280\">El\u0151z\u0151 \u00e9letek felfedez\u00e9se<\/strong>, hogy felt\u00e1rd a karmikus mint\u00e1kat \u00e9s l\u00e9lekleck\u00e9ket<br data-start=\"3331\" data-end=\"3334\" \/>\ud83d\udc9e <strong data-start=\"3420\" data-end=\"3480\">Kapcsolatok energetikai szint\u0171 \u00e1talak\u00edt\u00e1sa \u00e9s gy\u00f3gy\u00edt\u00e1sa<\/strong><br data-start=\"3480\" data-end=\"3483\" \/>\ud83d\udd4a <strong data-start=\"3486\" data-end=\"3534\">Manifeszt\u00e1ci\u00f3 \u00e9s tudatos teremt\u00e9s gyakorl\u00e1sa<\/strong><br data-start=\"3534\" data-end=\"3537\" \/>\u2728 <strong data-start=\"3539\" data-end=\"3614\" data-is-only-node=\"\">B\u00e1rmilyen akad\u00e1ly lek\u00fczd\u00e9se spiritu\u00e1lis \u00fatmutat\u00e1ssal \u00e9s tiszt\u00e1nl\u00e1t\u00e1ssal<\/strong><\/p><hr class=\"\" data-start=\"3618\" data-end=\"3621\" \/><h3 class=\"\" data-start=\"3623\" data-end=\"3685\"><strong data-start=\"3627\" data-end=\"3683\">Csatorn\u00e1zott Tan\u00edt\u00e1sok \u00e9s Magas Rezg\u00e9s\u0171 K\u00f6zvet\u00edt\u00e9sek<\/strong><\/h3><p class=\"\" data-start=\"3687\" data-end=\"3989\">Minden egyes csatorn\u00e1zott tan\u00edt\u00e1som, vezetett medit\u00e1ci\u00f3m \u00e9s isteni megl\u00e1t\u00e1som <strong data-start=\"3765\" data-end=\"3788\">gondosan van \u00e1tadva<\/strong>, hogy az energi\u00e1k tiszt\u00e1k \u00e9s \u00e9rintetlenek maradjanak. <strong data-start=\"3843\" data-end=\"3987\">B\u00e1rhol is vagy a vil\u00e1gon, a t\u0151lem \u00e9rkez\u0151 \u00fatmutat\u00e1s el\u00e9r hozz\u00e1d, tiszt\u00e1n, felemel\u0151en, \u00e9s az isteni jelenl\u00e9ttel \u00e1titatva, amelyet csatorn\u00e1zok.<\/strong><\/p><p class=\"\" data-start=\"3991\" data-end=\"4030\"><strong data-start=\"3991\" data-end=\"4028\">K\u00e9szen \u00e1llsz a m\u00e9ly \u00e1talakul\u00e1sra?<\/strong><\/p><p class=\"\" data-start=\"4122\" data-end=\"4402\"><strong data-start=\"4122\" data-end=\"4400\">Ha b\u00e1rmilyen form\u00e1ban dolgozol velem \u2013 ak\u00e1r csoportos programokon, ak\u00e1r online esem\u00e9nyeken (ingyenesen vagy fizet\u0151sk\u00e9nt) \u2013 \u00e9s lehet\u0151s\u00e9ged van k\u00e9rd\u00e9st feltenni, mindig azt az inform\u00e1ci\u00f3t fogom csatorn\u00e1zni, amelyre a legnagyobb sz\u00fcks\u00e9ged van a spiritu\u00e1lis fejl\u0151d\u00e9sedhez.<\/strong><\/p><p class=\"\" data-start=\"4404\" data-end=\"4469\">\u00a0<\/p>\t\t\t\t\t\t\t\t<\/div>\n\t\t\t\t<\/div>\n\t\t\t\t<div class=\"elementor-element elementor-element-b706795 elementor-widget elementor-widget-image\" data-id=\"b706795\" data-element_type=\"widget\" data-widget_type=\"image.default\">\n\t\t\t\t<div class=\"elementor-widget-container\">\n\t\t\t\t\t\t\t\t\t\t\t\t\t\t\t<img alt=\"\" decoding=\"async\" width=\"1024\" height=\"514\" src=\"https:\/\/angel-ani.com\/wp-content\/uploads\/2024\/12\/logo_fekete-1024x514.png\" class=\"attachment-large size-large wp-image-1053\" srcset=\"https:\/\/angel-ani.com\/wp-content\/uploads\/2024\/12\/logo_fekete-1024x514.png 1024w, https:\/\/angel-ani.com\/wp-content\/uploads\/2024\/12\/logo_fekete-300x151.png 300w, https:\/\/angel-ani.com\/wp-content\/uploads\/2024\/12\/logo_fekete-768x386.png 768w, https:\/\/angel-ani.com\/wp-content\/uploads\/2024\/12\/logo_fekete-1536x771.png 1536w, https:\/\/angel-ani.com\/wp-content\/uploads\/2024\/12\/logo_fekete-600x301.png 600w, https:\/\/angel-ani.com\/wp-content\/uploads\/2024\/12\/logo_fekete-100x50.png 100w, https:\/\/angel-ani.com\/wp-content\/uploads\/2024\/12\/logo_fekete.png 1972w\" sizes=\"(max-width: 1024px) 100vw, 1024px\" \/>\t\t\t\t\t\t\t\t\t\t\t\t\t\t\t<\/div>\n\t\t\t\t<\/div>\n\t\t\t\t<\/div>\n\t\t\t\t\t<\/div>\n\t\t\t\t<\/div>\n\t\t<div class=\"elementor-element elementor-element-85a1d12 elementor-hidden-desktop elementor-hidden-tablet elementor-hidden-mobile e-flex e-con-boxed e-con e-parent\" data-id=\"85a1d12\" data-element_type=\"container\">\n\t\t\t\t\t<div class=\"e-con-inner\">\n\t\t<div class=\"elementor-element elementor-element-0d611d4 e-con-full e-flex e-con e-child\" data-id=\"0d611d4\" data-element_type=\"container\" data-settings=\"{&quot;background_background&quot;:&quot;classic&quot;}\">\n\t\t\t\t<div class=\"elementor-element elementor-element-81109a1 elementor-widget elementor-widget-image\" data-id=\"81109a1\" data-element_type=\"widget\" data-widget_type=\"image.default\">\n\t\t\t\t<div class=\"elementor-widget-container\">\n\t\t\t\t\t\t\t\t\t\t\t\t\t\t\t<img alt=\"\" fetchpriority=\"high\" decoding=\"async\" width=\"459\" height=\"459\" src=\"https:\/\/angel-ani.com\/wp-content\/uploads\/2025\/03\/Kepernyokep-2025-03-19-080927.png\" class=\"attachment-large size-large wp-image-1022\" srcset=\"https:\/\/angel-ani.com\/wp-content\/uploads\/2025\/03\/Kepernyokep-2025-03-19-080927.png 459w, https:\/\/angel-ani.com\/wp-content\/uploads\/2025\/03\/Kepernyokep-2025-03-19-080927-300x300.png 300w, https:\/\/angel-ani.com\/wp-content\/uploads\/2025\/03\/Kepernyokep-2025-03-19-080927-150x150.png 150w, https:\/\/angel-ani.com\/wp-content\/uploads\/2025\/03\/Kepernyokep-2025-03-19-080927-100x100.png 100w, https:\/\/angel-ani.com\/wp-content\/uploads\/2025\/03\/Kepernyokep-2025-03-19-080927-50x50.png 50w\" sizes=\"(max-width: 459px) 100vw, 459px\" \/>\t\t\t\t\t\t\t\t\t\t\t\t\t\t\t<\/div>\n\t\t\t\t<\/div>\n\t\t\t\t<div class=\"elementor-element elementor-element-c42a2a9 elementor-widget elementor-widget-heading\" data-id=\"c42a2a9\" data-element_type=\"widget\" data-widget_type=\"heading.default\">\n\t\t\t\t<div class=\"elementor-widget-container\">\n\t\t\t\t\t<h2 class=\"elementor-heading-title elementor-size-default\">angel Ani<\/h2>\t\t\t\t<\/div>\n\t\t\t\t<\/div>\n\t\t\t\t<div class=\"elementor-element elementor-element-f730656 elementor-widget elementor-widget-text-editor\" data-id=\"f730656\" data-element_type=\"widget\" data-widget_type=\"text-editor.default\">\n\t\t\t\t<div class=\"elementor-widget-container\">\n\t\t\t\t\t\t\t\t\t<p><b>AngelAni: A Rare and Gifted Psychic, and Channel<\/b><\/p><p data-start=\"129\" data-end=\"455\">AngelAni is one of the most sought-after psychics, mediums, and channels in Europe, renowned for her extraordinary spiritual gifts and transformative energy work. Hailing from the heart of Europe\u2014Hungary\u2014she has spent the past 20 years guiding, supporting, and manifesting alongside thousands of people across the continent.<\/p><p data-start=\"457\" data-end=\"787\">Her powerful presence and energetically charged channeled meditations have drawn individuals from all walks of life, and she frequently travels to Vienna to hold immersive spiritual sessions. Her services are highly sought after, attracting those who seek deep personal breakthroughs, soul alignment, and lasting transformation.<\/p><p data-start=\"789\" data-end=\"1152\">Ani&#8217;s spiritual connection has always been strong, but her most profound awakening occurred nearly two decades ago, during a pivotal moment\u2014a car accident while pregnant with her younger daughter. In that intense life-or-death moment, she called upon a higher power with unshakable conviction\u2014and from that day forward, every one of her psychic gateways opened.<\/p><p data-start=\"1154\" data-end=\"1267\">Unlike most intuitives, Ani possesses all of the clair abilities, making her a truly rare and powerful channel.<\/p><p data-start=\"1269\" data-end=\"1909\">She is gifted with:<br data-start=\"1288\" data-end=\"1291\" \/>\u2728 <strong data-start=\"1293\" data-end=\"1309\">Clairvoyance<\/strong> (clear seeing) \u2013 Receiving vivid images and visions beyond the physical realm.<br data-start=\"1388\" data-end=\"1391\" \/>\u2728 <strong data-start=\"1393\" data-end=\"1410\">Clairaudience<\/strong> (clear hearing) \u2013 Hearing messages from spirit guides, angels, and higher dimensions.<br data-start=\"1496\" data-end=\"1499\" \/>\u2728 <strong data-start=\"1501\" data-end=\"1519\">Clairsentience<\/strong> (clear feeling + somatic experiencing) \u2013 Sensing emotions, energies, and spirits on a deep, intuitive level while also physically feeling the client&#8217;s pain within her own body.<br data-start=\"1696\" data-end=\"1699\" \/>\u2728 <strong data-start=\"1701\" data-end=\"1720\">Claircognizance<\/strong> (clear knowing) \u2013 Instantly receiving divine knowledge and insights without prior learning.<br data-start=\"1812\" data-end=\"1815\" \/>\u2728 <strong data-start=\"1817\" data-end=\"1833\">Clairalience<\/strong> (clear smelling) \u2013 Smelling scents tied to spirits or energetic imprints.<\/p><p data-start=\"1911\" data-end=\"2233\">These unique abilities allow Ani to identify the root cause of mental, emotional, or physical distress\u2014tracing it back to the moment something within you shifted, leading to your current state. With your resolute willingness to embrace change, she can help you restore balance and move forward with clarity and strength.<\/p>\t\t\t\t\t\t\t\t<\/div>\n\t\t\t\t<\/div>\n\t\t\t\t<\/div>\n\t\t<div class=\"elementor-element elementor-element-8543576 e-con-full e-flex e-con e-child\" data-id=\"8543576\" data-element_type=\"container\" data-settings=\"{&quot;background_background&quot;:&quot;classic&quot;}\">\n\t\t\t\t<div class=\"elementor-element elementor-element-b30c138 elementor-widget elementor-widget-text-editor\" data-id=\"b30c138\" data-element_type=\"widget\" data-widget_type=\"text-editor.default\">\n\t\t\t\t<div class=\"elementor-widget-container\">\n\t\t\t\t\t\t\t\t\t<p data-start=\"116\" data-end=\"541\">Beyond her intuitive gifts, Ani works in direct connection with powerful spiritual beings\u2014including Archangels Michael, Raphael, and Gabriel, as well as Ascended Master St. Germain, among many other angels and guides. She calls upon these divine allies to bring clarity, transformation, and energetic alignment into the lives of those she works with\u2014sometimes even receiving clear messages for the client from these beings.<\/p><p data-start=\"543\" data-end=\"576\">In a session with Ani, you can\u2026<\/p><p data-start=\"578\" data-end=\"1253\">\u2728 Reprogram your subconscious mind to align with your highest self<br data-start=\"644\" data-end=\"647\" \/>\u2728 Embark on a 5D journey beyond duality, anchoring higher frequencies into your being<br data-start=\"732\" data-end=\"735\" \/>\u2728 Discover and align with your soul purpose<br data-start=\"778\" data-end=\"781\" \/>\u2728 Release negative entities and attachments<br data-start=\"824\" data-end=\"827\" \/>\u2728 Clear and harmonize your chakras, restoring balance on an emotional, mental, and physical level<br data-start=\"924\" data-end=\"927\" \/>\u2728 Explore past lifetimes to uncover karmic patterns and soul lessons<br data-start=\"995\" data-end=\"998\" \/>\u2728 Connect with loved ones who have passed, receiving messages and closure<br data-start=\"1071\" data-end=\"1074\" \/>\u2728 Shift and transform relationships at an energetic level<br data-start=\"1131\" data-end=\"1134\" \/>\u2728 Manifest and consciously create your deepest desires<br data-start=\"1188\" data-end=\"1191\" \/>\u2728 Navigate any obstacles with spiritual guidance and clarity<\/p><p data-start=\"1255\" data-end=\"1910\">Every channeled teaching, every sacred meditation, and every divine insight is carefully translated to ensure that the profound energies and high-frequency transmissions remain intact. Just as in her original language, the wisdom she shares continues to hold the same depth, power, and sacred resonance. No matter where you are in the world, you can now receive Ani\u2019s transformative guidance exactly as it was meant to be\u2014pure, elevated, and infused with the divine presence she so beautifully channels.<\/p><p data-start=\"1912\" data-end=\"1962\">Are you ready to experience deep transformation?<\/p><p data-start=\"1964\" data-end=\"2045\">Browse her programs with Regina or reach out to inquire about working with Ani.<\/p><p data-start=\"2047\" data-end=\"2382\">P.S. When you work with Ani in any capacity\u2014whether in group programs or online events (free or paid)\u2014if you have the opportunity to ask her a question, she will channel the most pertinent information you need to hear for your personal evolution and spiritual expansion.<br data-start=\"2317\" data-end=\"2320\" \/>No matter the setting, you&#8217;re getting the Ani experience.<\/p>\t\t\t\t\t\t\t\t<\/div>\n\t\t\t\t<\/div>\n\t\t\t\t<\/div>\n\t\t\t\t\t<\/div>\n\t\t\t\t<\/div>\n\t\t\t\t<\/div>","protected":false},"excerpt":{"rendered":"<p>R\u00f3lam angel Ani \u00dcdv\u00f6z\u00f6llek! AngelAni vagyok, m\u00e9dium, tiszt\u00e1nl\u00e1t\u00f3 \u00e9s spiritu\u00e1lis csatorna, \u00e9s az elm\u00falt 20 \u00e9vben azon dolgoztam, hogy t\u00e1mogassam, &#8230; <a title=\"About us\" class=\"read-more\" href=\"https:\/\/angel-ani.com\/en\/about-us\/\" aria-label=\"Read more about About us\">Read more<\/a><\/p>","protected":false},"author":1,"featured_media":0,"parent":0,"menu_order":0,"comment_status":"closed","ping_status":"closed","template":"elementor_header_footer","meta":{"_seopress_robots_primary_cat":"","_seopress_titles_title":"","_seopress_titles_desc":"","_seopress_robots_index":"","footnotes":""},"class_list":["post-574","page","type-page","status-publish"],"_links":{"self":[{"href":"https:\/\/angel-ani.com\/en\/wp-json\/wp\/v2\/pages\/574","targetHints":{"allow":["GET"]}}],"collection":[{"href":"https:\/\/angel-ani.com\/en\/wp-json\/wp\/v2\/pages"}],"about":[{"href":"https:\/\/angel-ani.com\/en\/wp-json\/wp\/v2\/types\/page"}],"author":[{"embeddable":true,"href":"https:\/\/angel-ani.com\/en\/wp-json\/wp\/v2\/users\/1"}],"replies":[{"embeddable":true,"href":"https:\/\/angel-ani.com\/en\/wp-json\/wp\/v2\/comments?post=574"}],"version-history":[{"count":0,"href":"https:\/\/angel-ani.com\/en\/wp-json\/wp\/v2\/pages\/574\/revisions"}],"wp:attachment":[{"href":"https:\/\/angel-ani.com\/en\/wp-json\/wp\/v2\/media?parent=574"}],"curies":[{"name":"wp","href":"https:\/\/api.w.org\/{rel}","templated":true}]}}