{"id":748,"date":"2025-02-20T17:26:04","date_gmt":"2025-02-20T17:26:04","guid":{"rendered":"https:\/\/angel-ani.com\/?page_id=748"},"modified":"2025-04-07T17:26:36","modified_gmt":"2025-04-07T17:26:36","slug":"blog","status":"publish","type":"page","link":"https:\/\/angel-ani.com\/en\/blog\/","title":{"rendered":"Blog"},"content":{"rendered":"<div data-elementor-type=\"wp-page\" data-elementor-id=\"748\" class=\"elementor elementor-748\" data-elementor-post-type=\"page\">\n\t\t\t\t<div class=\"elementor-element elementor-element-48f4f4a e-flex e-con-boxed e-con e-parent\" data-id=\"48f4f4a\" data-element_type=\"container\">\n\t\t\t\t\t<div class=\"e-con-inner\">\n\t\t\t\t<div class=\"elementor-element elementor-element-bfe7937 elementor-grid-3 elementor-grid-tablet-2 elementor-grid-mobile-1 elementor-posts--thumbnail-top elementor-card-shadow-yes elementor-posts__hover-gradient elementor-widget elementor-widget-posts\" data-id=\"bfe7937\" data-element_type=\"widget\" data-settings=\"{&quot;cards_columns&quot;:&quot;3&quot;,&quot;cards_columns_tablet&quot;:&quot;2&quot;,&quot;cards_columns_mobile&quot;:&quot;1&quot;,&quot;cards_row_gap&quot;:{&quot;unit&quot;:&quot;px&quot;,&quot;size&quot;:35,&quot;sizes&quot;:[]},&quot;cards_row_gap_tablet&quot;:{&quot;unit&quot;:&quot;px&quot;,&quot;size&quot;:&quot;&quot;,&quot;sizes&quot;:[]},&quot;cards_row_gap_mobile&quot;:{&quot;unit&quot;:&quot;px&quot;,&quot;size&quot;:&quot;&quot;,&quot;sizes&quot;:[]}}\" data-widget_type=\"posts.cards\">\n\t\t\t\t<div class=\"elementor-widget-container\">\n\t\t\t\t\t\t\t<div class=\"elementor-posts-container elementor-posts elementor-posts--skin-cards elementor-grid\">\n\t\t\t\t<article class=\"elementor-post elementor-grid-item post-1634 post type-post status-publish format-standard has-post-thumbnail hentry category-uncategorized\">\n\t\t\t<div class=\"elementor-post__card\">\n\t\t\t\t<a class=\"elementor-post__thumbnail__link\" href=\"https:\/\/angel-ani.com\/en\/segitsunk-leventenek-egyutt\/\" tabindex=\"-1\" ><div class=\"elementor-post__thumbnail\"><img alt=\"\" fetchpriority=\"high\" decoding=\"async\" width=\"300\" height=\"225\" src=\"https:\/\/angel-ani.com\/wp-content\/uploads\/2025\/05\/levente-300x225.webp\" class=\"attachment-medium size-medium wp-image-1637\" srcset=\"https:\/\/angel-ani.com\/wp-content\/uploads\/2025\/05\/levente-300x225.webp 300w, https:\/\/angel-ani.com\/wp-content\/uploads\/2025\/05\/levente-768x576.webp 768w, https:\/\/angel-ani.com\/wp-content\/uploads\/2025\/05\/levente-16x12.webp 16w, https:\/\/angel-ani.com\/wp-content\/uploads\/2025\/05\/levente-600x450.webp 600w, https:\/\/angel-ani.com\/wp-content\/uploads\/2025\/05\/levente-67x50.webp 67w, https:\/\/angel-ani.com\/wp-content\/uploads\/2025\/05\/levente.webp 800w\" sizes=\"(max-width: 300px) 100vw, 300px\" \/><\/div><\/a>\n\t\t\t\t<div class=\"elementor-post__text\">\n\t\t\t\t<h3 class=\"elementor-post__title\">\n\t\t\t<a href=\"https:\/\/angel-ani.com\/en\/segitsunk-leventenek-egyutt\/\" >\n\t\t\t\tSeg\u00edts\u00fcnk Levent\u00e9nek egy\u00fctt!\t\t\t<\/a>\n\t\t<\/h3>\n\t\t\t\t<div class=\"elementor-post__excerpt\">\n\t\t\t<p>Van egy kisfi\u00fa, Levente, aki most \u00e9lete egyik legnagyobb harc\u00e1t v\u00edvja: a Duchenne-f\u00e9le izomsorvad\u00e1ssal k\u00fczd. Ez egy ritka, s\u00falyos genetikai<\/p>\n\t\t<\/div>\n\t\t\n\t\t<a class=\"elementor-post__read-more\" href=\"https:\/\/angel-ani.com\/en\/segitsunk-leventenek-egyutt\/\" aria-label=\"Read more about Seg\u00edts\u00fcnk Levent\u00e9nek egy\u00fctt!\" tabindex=\"-1\" >\n\t\t\tTov\u00e1bb olvasom \u00bb\t\t<\/a>\n\n\t\t\t\t<\/div>\n\t\t\t\t\t<\/div>\n\t\t<\/article>\n\t\t\t\t<article class=\"elementor-post elementor-grid-item post-1622 post type-post status-publish format-standard has-post-thumbnail hentry category-blog\">\n\t\t\t<div class=\"elementor-post__card\">\n\t\t\t\t<a class=\"elementor-post__thumbnail__link\" href=\"https:\/\/angel-ani.com\/en\/a-fogyas-spiritualis-oldala-hogyan-oldd-fel-a-blokkokat-es-erd-el-a-vagyott-tested\/\" tabindex=\"-1\" ><div class=\"elementor-post__thumbnail\"><img decoding=\"async\" width=\"300\" height=\"225\" src=\"https:\/\/angel-ani.com\/wp-content\/uploads\/2025\/04\/fogyokura-300x225.webp\" class=\"attachment-medium size-medium wp-image-1224\" alt=\"Spiritu\u00e1lis fogy\u00f3k\u00fara\" srcset=\"https:\/\/angel-ani.com\/wp-content\/uploads\/2025\/04\/fogyokura-300x225.webp 300w, https:\/\/angel-ani.com\/wp-content\/uploads\/2025\/04\/fogyokura-768x576.webp 768w, https:\/\/angel-ani.com\/wp-content\/uploads\/2025\/04\/fogyokura-16x12.webp 16w, https:\/\/angel-ani.com\/wp-content\/uploads\/2025\/04\/fogyokura-600x450.webp 600w, https:\/\/angel-ani.com\/wp-content\/uploads\/2025\/04\/fogyokura-67x50.webp 67w, https:\/\/angel-ani.com\/wp-content\/uploads\/2025\/04\/fogyokura.webp 800w\" sizes=\"(max-width: 300px) 100vw, 300px\" \/><\/div><\/a>\n\t\t\t\t<div class=\"elementor-post__text\">\n\t\t\t\t<h3 class=\"elementor-post__title\">\n\t\t\t<a href=\"https:\/\/angel-ani.com\/en\/a-fogyas-spiritualis-oldala-hogyan-oldd-fel-a-blokkokat-es-erd-el-a-vagyott-tested\/\" >\n\t\t\t\tA fogy\u00e1s spiritu\u00e1lis oldala: hogyan oldd fel a blokkokat, \u00e9s \u00e9rd el a v\u00e1gyott tested\t\t\t<\/a>\n\t\t<\/h3>\n\t\t\t\t<div class=\"elementor-post__excerpt\">\n\t\t\t<p>A fogy\u00e1s nem csak a kal\u00f3ri\u00e1kr\u00f3l \u00e9s a testmozg\u00e1sr\u00f3l sz\u00f3l. A tudatalattinkban fut\u00f3 hiedelmek \u00e9s \u00e9rzelmi blokkok \u00f3ri\u00e1si szerepet j\u00e1tszanak abban, hogy el tudjuk-e \u00e9rni \u00e9s fenn tudjuk-e tartani az ide\u00e1lis tests\u00falyunkat.<\/p>\n\t\t<\/div>\n\t\t\n\t\t<a class=\"elementor-post__read-more\" href=\"https:\/\/angel-ani.com\/en\/a-fogyas-spiritualis-oldala-hogyan-oldd-fel-a-blokkokat-es-erd-el-a-vagyott-tested\/\" aria-label=\"Read more about A fogy\u00e1s spiritu\u00e1lis oldala: hogyan oldd fel a blokkokat, \u00e9s \u00e9rd el a v\u00e1gyott tested\" tabindex=\"-1\" >\n\t\t\tTov\u00e1bb olvasom \u00bb\t\t<\/a>\n\n\t\t\t\t<\/div>\n\t\t\t\t\t<\/div>\n\t\t<\/article>\n\t\t\t\t<article class=\"elementor-post elementor-grid-item post-1580 post type-post status-publish format-standard has-post-thumbnail hentry category-blog\">\n\t\t\t<div class=\"elementor-post__card\">\n\t\t\t\t<a class=\"elementor-post__thumbnail__link\" href=\"https:\/\/angel-ani.com\/en\/emeld-a-rezgesed\/\" tabindex=\"-1\" ><div class=\"elementor-post__thumbnail\"><img decoding=\"async\" width=\"300\" height=\"225\" src=\"https:\/\/angel-ani.com\/wp-content\/uploads\/2025\/04\/emeldarezgesed-300x225.webp\" class=\"attachment-medium size-medium wp-image-1586\" alt=\"\u00e9rdemes tudatosan emelni a saj\u00e1t rezg\u00e9sedet, hogy a b\u0151s\u00e9g, a szeretet, a siker k\u00f6nnyebben \u00e1ramoljon fel\u00e9d.\" srcset=\"https:\/\/angel-ani.com\/wp-content\/uploads\/2025\/04\/emeldarezgesed-300x225.webp 300w, https:\/\/angel-ani.com\/wp-content\/uploads\/2025\/04\/emeldarezgesed-768x576.webp 768w, https:\/\/angel-ani.com\/wp-content\/uploads\/2025\/04\/emeldarezgesed-16x12.webp 16w, https:\/\/angel-ani.com\/wp-content\/uploads\/2025\/04\/emeldarezgesed-600x450.webp 600w, https:\/\/angel-ani.com\/wp-content\/uploads\/2025\/04\/emeldarezgesed-67x50.webp 67w, https:\/\/angel-ani.com\/wp-content\/uploads\/2025\/04\/emeldarezgesed.webp 800w\" sizes=\"(max-width: 300px) 100vw, 300px\" \/><\/div><\/a>\n\t\t\t\t<div class=\"elementor-post__text\">\n\t\t\t\t<h3 class=\"elementor-post__title\">\n\t\t\t<a href=\"https:\/\/angel-ani.com\/en\/emeld-a-rezgesed\/\" >\n\t\t\t\tEmeld a rezg\u00e9sed\t\t\t<\/a>\n\t\t<\/h3>\n\t\t\t\t<div class=\"elementor-post__excerpt\">\n\t\t\t<p>A siker titka: rezg\u00e9semel\u00e9s \u2728 Valaha \u00e9rezted m\u00e1r \u00fagy, hogy hi\u00e1ba pr\u00f3b\u00e1lkozol, egyszer\u0171en nem mozdulnak a dolgok el\u0151re? Mintha valami<\/p>\n\t\t<\/div>\n\t\t\n\t\t<a class=\"elementor-post__read-more\" href=\"https:\/\/angel-ani.com\/en\/emeld-a-rezgesed\/\" aria-label=\"Read more about Emeld a rezg\u00e9sed\" tabindex=\"-1\" >\n\t\t\tTov\u00e1bb olvasom \u00bb\t\t<\/a>\n\n\t\t\t\t<\/div>\n\t\t\t\t\t<\/div>\n\t\t<\/article>\n\t\t\t\t<article class=\"elementor-post elementor-grid-item post-1388 post type-post status-publish format-standard has-post-thumbnail hentry category-uncategorized\">\n\t\t\t<div class=\"elementor-post__card\">\n\t\t\t\t<a class=\"elementor-post__thumbnail__link\" href=\"https:\/\/angel-ani.com\/en\/%f0%9f%8c%9f-lelkitars-es-ikerlang-hogyan-ismerd-fel-a-spiritualis-kapcsolatodat\/\" tabindex=\"-1\" ><div class=\"elementor-post__thumbnail\"><img loading=\"lazy\" decoding=\"async\" width=\"300\" height=\"225\" src=\"https:\/\/angel-ani.com\/wp-content\/uploads\/2025\/04\/lelkitarsvagyikerlang-300x225.webp\" class=\"attachment-medium size-medium wp-image-1391\" alt=\"lekit\u00e1rsa vagy ikerl\u00e1ng\" srcset=\"https:\/\/angel-ani.com\/wp-content\/uploads\/2025\/04\/lelkitarsvagyikerlang-300x225.webp 300w, https:\/\/angel-ani.com\/wp-content\/uploads\/2025\/04\/lelkitarsvagyikerlang-768x576.webp 768w, https:\/\/angel-ani.com\/wp-content\/uploads\/2025\/04\/lelkitarsvagyikerlang-16x12.webp 16w, https:\/\/angel-ani.com\/wp-content\/uploads\/2025\/04\/lelkitarsvagyikerlang-600x450.webp 600w, https:\/\/angel-ani.com\/wp-content\/uploads\/2025\/04\/lelkitarsvagyikerlang-67x50.webp 67w, https:\/\/angel-ani.com\/wp-content\/uploads\/2025\/04\/lelkitarsvagyikerlang.webp 800w\" sizes=\"(max-width: 300px) 100vw, 300px\" \/><\/div><\/a>\n\t\t\t\t<div class=\"elementor-post__text\">\n\t\t\t\t<h3 class=\"elementor-post__title\">\n\t\t\t<a href=\"https:\/\/angel-ani.com\/en\/%f0%9f%8c%9f-lelkitars-es-ikerlang-hogyan-ismerd-fel-a-spiritualis-kapcsolatodat\/\" >\n\t\t\t\t\ud83c\udf1f Lelkit\u00e1rs \u00e9s Ikerl\u00e1ng: Hogyan ismerd fel a spiritu\u00e1lis kapcsolatodat?\t\t\t<\/a>\n\t\t<\/h3>\n\t\t\t\t<div class=\"elementor-post__excerpt\">\n\t\t\t<p>Sokan v\u00e1gyunk arra, hogy megtal\u00e1ljuk azt a k\u00fcl\u00f6nleges embert, akivel m\u00e9ly, l\u00e9lekemel\u0151 kapcsolatot \u00e9lhet\u00fcnk meg. A l\u00e9lekt\u00e1rsak \u00e9s az ikerl\u00e1ngok<\/p>\n\t\t<\/div>\n\t\t\n\t\t<a class=\"elementor-post__read-more\" href=\"https:\/\/angel-ani.com\/en\/%f0%9f%8c%9f-lelkitars-es-ikerlang-hogyan-ismerd-fel-a-spiritualis-kapcsolatodat\/\" aria-label=\"Read more about \ud83c\udf1f Lelkit\u00e1rs \u00e9s Ikerl\u00e1ng: Hogyan ismerd fel a spiritu\u00e1lis kapcsolatodat?\" tabindex=\"-1\" >\n\t\t\tTov\u00e1bb olvasom \u00bb\t\t<\/a>\n\n\t\t\t\t<\/div>\n\t\t\t\t\t<\/div>\n\t\t<\/article>\n\t\t\t\t<article class=\"elementor-post elementor-grid-item post-1382 post type-post status-publish format-standard has-post-thumbnail hentry category-blog\">\n\t\t\t<div class=\"elementor-post__card\">\n\t\t\t\t<a class=\"elementor-post__thumbnail__link\" href=\"https:\/\/angel-ani.com\/en\/eletenergia-hogyan-noveld-es-tartsd-fenn-az-eleterodet\/\" tabindex=\"-1\" ><div class=\"elementor-post__thumbnail\"><img loading=\"lazy\" decoding=\"async\" width=\"300\" height=\"225\" src=\"https:\/\/angel-ani.com\/wp-content\/uploads\/2025\/04\/eleteroenergia-300x225.webp\" class=\"attachment-medium size-medium wp-image-1385\" alt=\"\u00c9leter\u0151 energia\" srcset=\"https:\/\/angel-ani.com\/wp-content\/uploads\/2025\/04\/eleteroenergia-300x225.webp 300w, https:\/\/angel-ani.com\/wp-content\/uploads\/2025\/04\/eleteroenergia-768x576.webp 768w, https:\/\/angel-ani.com\/wp-content\/uploads\/2025\/04\/eleteroenergia-16x12.webp 16w, https:\/\/angel-ani.com\/wp-content\/uploads\/2025\/04\/eleteroenergia-600x450.webp 600w, https:\/\/angel-ani.com\/wp-content\/uploads\/2025\/04\/eleteroenergia-67x50.webp 67w, https:\/\/angel-ani.com\/wp-content\/uploads\/2025\/04\/eleteroenergia.webp 800w\" sizes=\"(max-width: 300px) 100vw, 300px\" \/><\/div><\/a>\n\t\t\t\t<div class=\"elementor-post__text\">\n\t\t\t\t<h3 class=\"elementor-post__title\">\n\t\t\t<a href=\"https:\/\/angel-ani.com\/en\/eletenergia-hogyan-noveld-es-tartsd-fenn-az-eleterodet\/\" >\n\t\t\t\t\u00c9letenergia: Hogyan n\u00f6veld \u00e9s tartsd fenn az \u00e9leter\u0151det?\t\t\t<\/a>\n\t\t<\/h3>\n\t\t\t\t<div class=\"elementor-post__excerpt\">\n\t\t\t<p>Fedezd fel, mi befoly\u00e1solja az \u00e9letenergi\u00e1d szintj\u00e9t, \u00e9s tanuld meg, hogyan n\u00f6velheted azt tudatos l\u00e9gz\u00e9ssel, term\u00e9szetes \u00e9telekkel, mozg\u00e1ssal \u00e9s pozit\u00edv gondolkod\u00e1ssal.<\/p>\n\t\t<\/div>\n\t\t\n\t\t<a class=\"elementor-post__read-more\" href=\"https:\/\/angel-ani.com\/en\/eletenergia-hogyan-noveld-es-tartsd-fenn-az-eleterodet\/\" aria-label=\"Read more about \u00c9letenergia: Hogyan n\u00f6veld \u00e9s tartsd fenn az \u00e9leter\u0151det?\" tabindex=\"-1\" >\n\t\t\tTov\u00e1bb olvasom \u00bb\t\t<\/a>\n\n\t\t\t\t<\/div>\n\t\t\t\t\t<\/div>\n\t\t<\/article>\n\t\t\t\t<article class=\"elementor-post elementor-grid-item post-1095 post type-post status-publish format-standard has-post-thumbnail hentry category-blog\">\n\t\t\t<div class=\"elementor-post__card\">\n\t\t\t\t<a class=\"elementor-post__thumbnail__link\" href=\"https:\/\/angel-ani.com\/en\/az-anya-seb-gyogyitasa-egy-uj-tortenet-irasa-a-szeretetrol-es-a-szabadsagrol\/\" tabindex=\"-1\" ><div class=\"elementor-post__thumbnail\"><img loading=\"lazy\" decoding=\"async\" width=\"300\" height=\"225\" src=\"https:\/\/angel-ani.com\/wp-content\/uploads\/2025\/04\/anyaseb-magyar-300x225.webp\" class=\"attachment-medium size-medium wp-image-1178\" alt=\"Anyaseb gy\u00f3gy\u00edt\u00e1sa medit\u00e1ci\u00f3, kurzus\" srcset=\"https:\/\/angel-ani.com\/wp-content\/uploads\/2025\/04\/anyaseb-magyar-300x225.webp 300w, https:\/\/angel-ani.com\/wp-content\/uploads\/2025\/04\/anyaseb-magyar-768x576.webp 768w, https:\/\/angel-ani.com\/wp-content\/uploads\/2025\/04\/anyaseb-magyar-16x12.webp 16w, https:\/\/angel-ani.com\/wp-content\/uploads\/2025\/04\/anyaseb-magyar-600x450.webp 600w, https:\/\/angel-ani.com\/wp-content\/uploads\/2025\/04\/anyaseb-magyar-67x50.webp 67w, https:\/\/angel-ani.com\/wp-content\/uploads\/2025\/04\/anyaseb-magyar.webp 800w\" sizes=\"(max-width: 300px) 100vw, 300px\" \/><\/div><\/a>\n\t\t\t\t<div class=\"elementor-post__text\">\n\t\t\t\t<h3 class=\"elementor-post__title\">\n\t\t\t<a href=\"https:\/\/angel-ani.com\/en\/az-anya-seb-gyogyitasa-egy-uj-tortenet-irasa-a-szeretetrol-es-a-szabadsagrol\/\" >\n\t\t\t\tAz Anya Seb Gy\u00f3gy\u00edt\u00e1sa: Egy \u00daj T\u00f6rt\u00e9net \u00cdr\u00e1sa a Szeretetr\u0151l \u00e9s a Szabads\u00e1gr\u00f3l\t\t\t<\/a>\n\t\t<\/h3>\n\t\t\t\t<div class=\"elementor-post__excerpt\">\n\t\t\t<p>Az \u00e9desany\u00e1nkkal val\u00f3 kapcsolatunk \u00e9let\u00fcnk egyik legmeghat\u00e1roz\u00f3bb t\u00e9nyez\u0151je. \u0150 volt az els\u0151 ember, akivel kapcsol\u00f3dtunk, az els\u0151, aki gondoskodott r\u00f3lunk,<\/p>\n\t\t<\/div>\n\t\t\n\t\t<a class=\"elementor-post__read-more\" href=\"https:\/\/angel-ani.com\/en\/az-anya-seb-gyogyitasa-egy-uj-tortenet-irasa-a-szeretetrol-es-a-szabadsagrol\/\" aria-label=\"Read more about Az Anya Seb Gy\u00f3gy\u00edt\u00e1sa: Egy \u00daj T\u00f6rt\u00e9net \u00cdr\u00e1sa a Szeretetr\u0151l \u00e9s a Szabads\u00e1gr\u00f3l\" tabindex=\"-1\" >\n\t\t\tTov\u00e1bb olvasom \u00bb\t\t<\/a>\n\n\t\t\t\t<\/div>\n\t\t\t\t\t<\/div>\n\t\t<\/article>\n\t\t\t\t<\/div>\n\t\t\n\t\t\t\t\t\t<\/div>\n\t\t\t\t<\/div>\n\t\t\t\t\t<\/div>\n\t\t\t\t<\/div>\n\t\t\t\t<\/div>","protected":false},"excerpt":{"rendered":"","protected":false},"author":1,"featured_media":0,"parent":0,"menu_order":0,"comment_status":"closed","ping_status":"closed","template":"","meta":{"_seopress_robots_primary_cat":"","_seopress_titles_title":"","_seopress_titles_desc":"","_seopress_robots_index":"","footnotes":""},"class_list":["post-748","page","type-page","status-publish","hentry"],"_links":{"self":[{"href":"https:\/\/angel-ani.com\/en\/wp-json\/wp\/v2\/pages\/748","targetHints":{"allow":["GET"]}}],"collection":[{"href":"https:\/\/angel-ani.com\/en\/wp-json\/wp\/v2\/pages"}],"about":[{"href":"https:\/\/angel-ani.com\/en\/wp-json\/wp\/v2\/types\/page"}],"author":[{"embeddable":true,"href":"https:\/\/angel-ani.com\/en\/wp-json\/wp\/v2\/users\/1"}],"replies":[{"embeddable":true,"href":"https:\/\/angel-ani.com\/en\/wp-json\/wp\/v2\/comments?post=748"}],"version-history":[{"count":0,"href":"https:\/\/angel-ani.com\/en\/wp-json\/wp\/v2\/pages\/748\/revisions"}],"wp:attachment":[{"href":"https:\/\/angel-ani.com\/en\/wp-json\/wp\/v2\/media?parent=748"}],"curies":[{"name":"wp","href":"https:\/\/api.w.org\/{rel}","templated":true}]}}