{"id":1090,"date":"2025-04-01T18:31:44","date_gmt":"2025-04-01T18:31:44","guid":{"rendered":"https:\/\/angel-ani.com\/product\/az-anyaseb-gyogyitasa\/"},"modified":"2025-08-07T13:01:34","modified_gmt":"2025-08-07T13:01:34","slug":"az-anyaseb-gyogyitasa","status":"publish","type":"product","link":"https:\/\/angel-ani.com\/en\/kurzusok\/az-anyaseb-gyogyitasa\/","title":{"rendered":"Az anyaseb gy\u00f3gy\u00edt\u00e1sa"},"content":{"rendered":"","protected":false},"excerpt":{"rendered":"","protected":false},"featured_media":1178,"comment_status":"open","ping_status":"closed","template":"","meta":{"_seopress_robots_primary_cat":"none","_seopress_titles_title":"","_seopress_titles_desc":"","_seopress_robots_index":""},"product_brand":[],"product_cat":[42],"product_tag":[],"class_list":{"0":"post-1090","1":"product","2":"type-product","3":"status-publish","4":"has-post-thumbnail","6":"product_cat-kurzusok","7":"sales-flash-overlay","8":"woocommerce-text-align-center","9":"woocommerce-image-align-center","10":"do-quantity-buttons","12":"first","13":"instock","14":"sale","15":"virtual","16":"sold-individually","17":"taxable","18":"purchasable","19":"product-type-simple"},"_links":{"self":[{"href":"https:\/\/angel-ani.com\/en\/wp-json\/wp\/v2\/product\/1090","targetHints":{"allow":["GET"]}}],"collection":[{"href":"https:\/\/angel-ani.com\/en\/wp-json\/wp\/v2\/product"}],"about":[{"href":"https:\/\/angel-ani.com\/en\/wp-json\/wp\/v2\/types\/product"}],"replies":[{"embeddable":true,"href":"https:\/\/angel-ani.com\/en\/wp-json\/wp\/v2\/comments?post=1090"}],"version-history":[{"count":1,"href":"https:\/\/angel-ani.com\/en\/wp-json\/wp\/v2\/product\/1090\/revisions"}],"predecessor-version":[{"id":1664,"href":"https:\/\/angel-ani.com\/en\/wp-json\/wp\/v2\/product\/1090\/revisions\/1664"}],"wp:featuredmedia":[{"embeddable":true,"href":"https:\/\/angel-ani.com\/en\/wp-json\/wp\/v2\/media\/1178"}],"wp:attachment":[{"href":"https:\/\/angel-ani.com\/en\/wp-json\/wp\/v2\/media?parent=1090"}],"wp:term":[{"taxonomy":"product_brand","embeddable":true,"href":"https:\/\/angel-ani.com\/en\/wp-json\/wp\/v2\/product_brand?post=1090"},{"taxonomy":"product_cat","embeddable":true,"href":"https:\/\/angel-ani.com\/en\/wp-json\/wp\/v2\/product_cat?post=1090"},{"taxonomy":"product_tag","embeddable":true,"href":"https:\/\/angel-ani.com\/en\/wp-json\/wp\/v2\/product_tag?post=1090"}],"curies":[{"name":"wp","href":"https:\/\/api.w.org\/{rel}","templated":true}]}}