{"id":1238,"date":"2025-04-07T09:55:10","date_gmt":"2025-04-07T09:55:10","guid":{"rendered":"https:\/\/angel-ani.com\/product\/spiritualis-fogyokura\/"},"modified":"2025-08-07T13:03:53","modified_gmt":"2025-08-07T13:03:53","slug":"spiritualis-fogyokura","status":"publish","type":"product","link":"https:\/\/angel-ani.com\/en\/kurzusok\/spiritualis-fogyokura\/","title":{"rendered":"Spiritu\u00e1lis fogy\u00f3k\u00fara"},"content":{"rendered":"","protected":false},"excerpt":{"rendered":"","protected":false},"featured_media":1224,"comment_status":"open","ping_status":"closed","template":"","meta":{"_seopress_robots_primary_cat":"none","_seopress_titles_title":"","_seopress_titles_desc":"","_seopress_robots_index":""},"product_brand":[],"product_cat":[42],"product_tag":[],"class_list":{"0":"post-1238","1":"product","2":"type-product","3":"status-publish","4":"has-post-thumbnail","6":"product_cat-kurzusok","7":"sales-flash-overlay","8":"woocommerce-text-align-center","9":"woocommerce-image-align-center","10":"do-quantity-buttons","12":"first","13":"instock","14":"sale","15":"virtual","16":"sold-individually","17":"taxable","18":"purchasable","19":"product-type-simple"},"_links":{"self":[{"href":"https:\/\/angel-ani.com\/en\/wp-json\/wp\/v2\/product\/1238","targetHints":{"allow":["GET"]}}],"collection":[{"href":"https:\/\/angel-ani.com\/en\/wp-json\/wp\/v2\/product"}],"about":[{"href":"https:\/\/angel-ani.com\/en\/wp-json\/wp\/v2\/types\/product"}],"replies":[{"embeddable":true,"href":"https:\/\/angel-ani.com\/en\/wp-json\/wp\/v2\/comments?post=1238"}],"version-history":[{"count":1,"href":"https:\/\/angel-ani.com\/en\/wp-json\/wp\/v2\/product\/1238\/revisions"}],"predecessor-version":[{"id":1658,"href":"https:\/\/angel-ani.com\/en\/wp-json\/wp\/v2\/product\/1238\/revisions\/1658"}],"wp:featuredmedia":[{"embeddable":true,"href":"https:\/\/angel-ani.com\/en\/wp-json\/wp\/v2\/media\/1224"}],"wp:attachment":[{"href":"https:\/\/angel-ani.com\/en\/wp-json\/wp\/v2\/media?parent=1238"}],"wp:term":[{"taxonomy":"product_brand","embeddable":true,"href":"https:\/\/angel-ani.com\/en\/wp-json\/wp\/v2\/product_brand?post=1238"},{"taxonomy":"product_cat","embeddable":true,"href":"https:\/\/angel-ani.com\/en\/wp-json\/wp\/v2\/product_cat?post=1238"},{"taxonomy":"product_tag","embeddable":true,"href":"https:\/\/angel-ani.com\/en\/wp-json\/wp\/v2\/product_tag?post=1238"}],"curies":[{"name":"wp","href":"https:\/\/api.w.org\/{rel}","templated":true}]}}